{"id":1177,"date":"2021-03-30T20:50:37","date_gmt":"2021-03-30T18:50:37","guid":{"rendered":"http:\/\/pepason.fr\/?page_id=1177"},"modified":"2021-11-06T13:58:43","modified_gmt":"2021-11-06T12:58:43","slug":"le-reseau-pepason","status":"publish","type":"page","link":"https:\/\/pepason.fr\/?page_id=1177","title":{"rendered":"Le r\u00e9seau PePaSon"},"content":{"rendered":"\t\t<div data-elementor-type=\"wp-page\" data-elementor-id=\"1177\" class=\"elementor elementor-1177\">\n\t\t\t\t\t\t<div class=\"elementor-inner\">\n\t\t\t\t<div class=\"elementor-section-wrap\">\n\t\t\t\t\t\t\t\t\t<section class=\"elementor-section elementor-top-section elementor-element elementor-element-7b50c68 elementor-section-boxed elementor-section-height-default elementor-section-height-default\" data-id=\"7b50c68\" data-element_type=\"section\">\n\t\t\t\t\t\t<div class=\"elementor-container elementor-column-gap-default\">\n\t\t\t\t\t\t\t<div class=\"elementor-row\">\n\t\t\t\t\t<div class=\"elementor-column elementor-col-100 elementor-top-column elementor-element elementor-element-51f25f7\" data-id=\"51f25f7\" data-element_type=\"column\">\n\t\t\t<div class=\"elementor-column-wrap elementor-element-populated\">\n\t\t\t\t\t\t\t<div class=\"elementor-widget-wrap\">\n\t\t\t\t\t\t<div class=\"elementor-element elementor-element-13eade7 elementor-widget elementor-widget-heading\" data-id=\"13eade7\" data-element_type=\"widget\" data-widget_type=\"heading.default\">\n\t\t\t\t<div class=\"elementor-widget-container\">\n\t\t\t<h1 class=\"elementor-heading-title elementor-size-default\">Le r\u00e9seau PePaSon<\/h1>\t\t<\/div>\n\t\t\t\t<\/div>\n\t\t\t\t<div class=\"elementor-element elementor-element-301a200 elementor-widget elementor-widget-text-editor\" data-id=\"301a200\" data-element_type=\"widget\" data-widget_type=\"text-editor.default\">\n\t\t\t\t<div class=\"elementor-widget-container\">\n\t\t\t\t\t\t\t\t<div class=\"elementor-text-editor elementor-clearfix\">\n\t\t\t\t<p>Le &#8220;r\u00e9seau PePaSon&#8221; c&#8217;est un ensemble d&#8217;ami-e-s et donc d&#8217;adh\u00e9rent-e-s de l&#8217;association qui souhaitent \u00eatre identifi\u00e9-e-s de sorte \u00e0 cr\u00e9er des ponts, des contacts, de liens&#8230; Et plus tard d&#8217;\u00e9changer des id\u00e9es, de se proposer des projets, de faire vivre une communaut\u00e9&#8230;\u00a0<\/p>\t\t\t\t\t<\/div>\n\t\t\t\t\t\t<\/div>\n\t\t\t\t<\/div>\n\t\t\t\t<section class=\"elementor-section elementor-inner-section elementor-element elementor-element-65c21d0 elementor-section-boxed elementor-section-height-default elementor-section-height-default\" data-id=\"65c21d0\" data-element_type=\"section\">\n\t\t\t\t\t\t<div class=\"elementor-container elementor-column-gap-default\">\n\t\t\t\t\t\t\t<div class=\"elementor-row\">\n\t\t\t\t\t<div class=\"elementor-column elementor-col-50 elementor-inner-column elementor-element elementor-element-8e92a8a\" data-id=\"8e92a8a\" data-element_type=\"column\">\n\t\t\t<div class=\"elementor-column-wrap elementor-element-populated\">\n\t\t\t\t\t\t\t<div class=\"elementor-widget-wrap\">\n\t\t\t\t\t\t<div class=\"elementor-element elementor-element-a155835 elementor-align-center elementor-widget elementor-widget-button\" data-id=\"a155835\" data-element_type=\"widget\" data-widget_type=\"button.default\">\n\t\t\t\t<div class=\"elementor-widget-container\">\n\t\t\t\t\t<div class=\"elementor-button-wrapper\">\n\t\t\t<a href=\"http:\/\/pepason.fr\/?page_id=36\" class=\"elementor-button-link elementor-button elementor-size-sm\" role=\"button\">\n\t\t\t\t\t\t<span class=\"elementor-button-content-wrapper\">\n\t\t\t\t\t\t\t<span class=\"elementor-button-icon elementor-align-icon-left\">\n\t\t\t\t<i aria-hidden=\"true\" class=\"far fa-question-circle\"><\/i>\t\t\t<\/span>\n\t\t\t\t\t\t<span class=\"elementor-button-text\">Adh\u00e9rer \u00e0 l'association et rejoindre le r\u00e9seau ?<\/span>\n\t\t<\/span>\n\t\t\t\t\t<\/a>\n\t\t<\/div>\n\t\t\t\t<\/div>\n\t\t\t\t<\/div>\n\t\t\t\t\t\t<\/div>\n\t\t\t\t\t<\/div>\n\t\t<\/div>\n\t\t\t\t<div class=\"elementor-column elementor-col-50 elementor-inner-column elementor-element elementor-element-878552d\" data-id=\"878552d\" data-element_type=\"column\">\n\t\t\t<div class=\"elementor-column-wrap elementor-element-populated\">\n\t\t\t\t\t\t\t<div class=\"elementor-widget-wrap\">\n\t\t\t\t\t\t<div class=\"elementor-element elementor-element-12cd10c elementor-align-center elementor-widget elementor-widget-button\" data-id=\"12cd10c\" data-element_type=\"widget\" data-widget_type=\"button.default\">\n\t\t\t\t<div class=\"elementor-widget-container\">\n\t\t\t\t\t<div class=\"elementor-button-wrapper\">\n\t\t\t<a href=\"http:\/\/pepason.fr\/?page_id=1697\" class=\"elementor-button-link elementor-button elementor-size-sm\" role=\"button\">\n\t\t\t\t\t\t<span class=\"elementor-button-content-wrapper\">\n\t\t\t\t\t\t\t<span class=\"elementor-button-icon elementor-align-icon-left\">\n\t\t\t\t<i aria-hidden=\"true\" class=\"fas fa-map-marked-alt\"><\/i>\t\t\t<\/span>\n\t\t\t\t\t\t<span class=\"elementor-button-text\">Explorer le r\u00e9seau<\/span>\n\t\t<\/span>\n\t\t\t\t\t<\/a>\n\t\t<\/div>\n\t\t\t\t<\/div>\n\t\t\t\t<\/div>\n\t\t\t\t\t\t<\/div>\n\t\t\t\t\t<\/div>\n\t\t<\/div>\n\t\t\t\t\t\t\t\t<\/div>\n\t\t\t\t\t<\/div>\n\t\t<\/section>\n\t\t\t\t<div class=\"elementor-element elementor-element-ad2feda elementor-widget-divider--view-line elementor-widget elementor-widget-divider\" data-id=\"ad2feda\" data-element_type=\"widget\" data-widget_type=\"divider.default\">\n\t\t\t\t<div class=\"elementor-widget-container\">\n\t\t\t\t\t<div class=\"elementor-divider\">\n\t\t\t<span class=\"elementor-divider-separator\">\n\t\t\t\t\t\t<\/span>\n\t\t<\/div>\n\t\t\t\t<\/div>\n\t\t\t\t<\/div>\n\t\t\t\t<div class=\"elementor-element elementor-element-b9956b3 elementor-widget elementor-widget-text-editor\" data-id=\"b9956b3\" data-element_type=\"widget\" data-widget_type=\"text-editor.default\">\n\t\t\t\t<div class=\"elementor-widget-container\">\n\t\t\t\t\t\t\t\t<div class=\"elementor-text-editor elementor-clearfix\">\n\t\t\t\t<p>Le r\u00e9seau vit \u00e0 travers plusieurs dimensions :\u00a0<\/p><ul><li><span style=\"text-decoration: underline;\"><strong>Des rencontres mensuelles<\/strong><\/span> &#8211; <em>Les AGMs<\/em> &#8211; En visio (1H30) et en physique (xxx) : <a href=\"http:\/\/pepason.fr\/?page_id=1504\">CONSULTER L&#8217;AGENDA<\/a> pour nous rejoindre librement !<\/li><\/ul><p>\u00a0<\/p><ul><li><span style=\"text-decoration: underline;\"><strong>Des \u00e9v\u00e8nements majeurs<\/strong><\/span><strong> &#8211;\u00a0<\/strong><em>Ex : Le forum des paysagistes<\/em> sonores &#8211; Sont des moments privil\u00e9gi\u00e9s pour se rencontrer, donner vie \u00e0 des projets collectifs qui ne pourraient se faire seul-e-s, cr\u00e9er des partenariats pour le futur&#8230; &#8211; <a href=\"http:\/\/pepason.fr\/?page_id=1504\">CONSULTER L&#8217;AGENDA<\/a><\/li><\/ul><p>\u00a0<\/p><ul><li><span style=\"text-decoration: underline;\"><strong>Une carte du r\u00e9seau<\/strong><\/span> : Pour pouvoir s&#8217;identifier, se contacter, se faire contacter&#8230; : <a href=\"http:\/\/pepason.fr\/?page_id=1697\">CONSULTER LA CARTE\u00a0<\/a><\/li><\/ul><p>\u00a0<\/p><ul><li><span style=\"text-decoration: underline;\"><strong>Un forum<\/strong><\/span> : Un espace d&#8217;\u00e9change libre sur le site web, les pratiques, les outils, les \u00e9v\u00e8nements&#8230; : <a href=\"http:\/\/pepason.fr\/?page_id=1699\">ACCEDER AU FORUM<\/a>\u00a0<\/li><\/ul><p>\u00a0<\/p><ul><li><strong><span style=\"text-decoration: underline;\">Un blog d&#8217;\u00e9change de pratiques<\/span><\/strong> : PePaSon propose de publier sur le site web les ateliers, exp\u00e9riences, performances de m\u00e9diation des membres du r\u00e9seau de mani\u00e8re \u00e0 cr\u00e9er une communaut\u00e9 de pratiques et d&#8217;apprentissage autonome et solidaire ! &#8211; <a href=\"http:\/\/pepason.fr\/?page_id=1718\">CONSULTER LE BLOG<\/a>\u00a0<\/li><\/ul>\t\t\t\t\t<\/div>\n\t\t\t\t\t\t<\/div>\n\t\t\t\t<\/div>\n\t\t\t\t\t\t<\/div>\n\t\t\t\t\t<\/div>\n\t\t<\/div>\n\t\t\t\t\t\t\t\t<\/div>\n\t\t\t\t\t<\/div>\n\t\t<\/section>\n\t\t\t\t\t\t\t\t\t<\/div>\n\t\t\t<\/div>\n\t\t\t\t\t<\/div>\n\t\t","protected":false},"excerpt":{"rendered":"<p>Le r\u00e9seau PePaSon Le &#8220;r\u00e9seau PePaSon&#8221; c&#8217;est un ensemble d&#8217;ami-e-s et donc d&#8217;adh\u00e9rent-e-s de l&#8217;association qui souhaitent \u00eatre identifi\u00e9-e-s de sorte \u00e0 cr\u00e9er des ponts, des contacts, de liens&#8230; Et plus tard d&#8217;\u00e9changer des id\u00e9es, de se proposer des projets, de faire vivre une communaut\u00e9&#8230;\u00a0 Adh\u00e9rer \u00e0 l&#8217;association et rejoindre le r\u00e9seau ? Explorer le [&hellip;]<\/p>\n","protected":false},"author":1,"featured_media":0,"parent":0,"menu_order":0,"comment_status":"closed","ping_status":"closed","template":"","meta":{"_monsterinsights_skip_tracking":false,"_monsterinsights_sitenote_active":false,"_monsterinsights_sitenote_note":"","_monsterinsights_sitenote_category":0,"cybocfi_hide_featured_image":""},"post_mailing_queue_ids":[],"_links":{"self":[{"href":"https:\/\/pepason.fr\/index.php?rest_route=\/wp\/v2\/pages\/1177"}],"collection":[{"href":"https:\/\/pepason.fr\/index.php?rest_route=\/wp\/v2\/pages"}],"about":[{"href":"https:\/\/pepason.fr\/index.php?rest_route=\/wp\/v2\/types\/page"}],"author":[{"embeddable":true,"href":"https:\/\/pepason.fr\/index.php?rest_route=\/wp\/v2\/users\/1"}],"replies":[{"embeddable":true,"href":"https:\/\/pepason.fr\/index.php?rest_route=%2Fwp%2Fv2%2Fcomments&post=1177"}],"version-history":[{"count":19,"href":"https:\/\/pepason.fr\/index.php?rest_route=\/wp\/v2\/pages\/1177\/revisions"}],"predecessor-version":[{"id":1886,"href":"https:\/\/pepason.fr\/index.php?rest_route=\/wp\/v2\/pages\/1177\/revisions\/1886"}],"wp:attachment":[{"href":"https:\/\/pepason.fr\/index.php?rest_route=%2Fwp%2Fv2%2Fmedia&parent=1177"}],"curies":[{"name":"wp","href":"https:\/\/api.w.org\/{rel}","templated":true}]}}