{"id":121,"date":"2020-08-11T16:12:22","date_gmt":"2020-08-11T14:12:22","guid":{"rendered":"http:\/\/pepason.fr\/?page_id=121"},"modified":"2022-08-21T18:31:32","modified_gmt":"2022-08-21T16:31:32","slug":"contact","status":"publish","type":"page","link":"https:\/\/pepason.fr\/?page_id=121","title":{"rendered":"Contact"},"content":{"rendered":"\t\t<div data-elementor-type=\"wp-page\" data-elementor-id=\"121\" class=\"elementor elementor-121\">\n\t\t\t\t\t\t<div class=\"elementor-inner\">\n\t\t\t\t<div class=\"elementor-section-wrap\">\n\t\t\t\t\t\t\t\t\t<section class=\"elementor-section elementor-top-section elementor-element elementor-element-b771a80 elementor-section-boxed elementor-section-height-default elementor-section-height-default\" data-id=\"b771a80\" data-element_type=\"section\">\n\t\t\t\t\t\t<div class=\"elementor-container elementor-column-gap-default\">\n\t\t\t\t\t\t\t<div class=\"elementor-row\">\n\t\t\t\t\t<div class=\"elementor-column elementor-col-50 elementor-top-column elementor-element elementor-element-f1a099b\" data-id=\"f1a099b\" data-element_type=\"column\">\n\t\t\t<div class=\"elementor-column-wrap elementor-element-populated\">\n\t\t\t\t\t\t\t<div class=\"elementor-widget-wrap\">\n\t\t\t\t\t\t<div class=\"elementor-element elementor-element-dc1458c elementor-widget elementor-widget-text-editor\" data-id=\"dc1458c\" data-element_type=\"widget\" data-widget_type=\"text-editor.default\">\n\t\t\t\t<div class=\"elementor-widget-container\">\n\t\t\t\t\t\t\t\t<div class=\"elementor-text-editor elementor-clearfix\">\n\t\t\t\t<p>Du fait du nombre \u00e9lev\u00e9 de spam nous avons choisi de nous s\u00e9parer du formulaire automatique de contact. Nous vous remercions de nous avoyer directement un mail \u00e0 l&#8217;adresse suivante :\u00a0<\/p><p><strong>&#8211;&gt; pepason.asso<\/strong><em>_at_<\/em><strong>gmail<\/strong><em>_point_<\/em><strong>com<\/strong><\/p>\t\t\t\t\t<\/div>\n\t\t\t\t\t\t<\/div>\n\t\t\t\t<\/div>\n\t\t\t\t\t\t<\/div>\n\t\t\t\t\t<\/div>\n\t\t<\/div>\n\t\t\t\t<div class=\"elementor-column elementor-col-50 elementor-top-column elementor-element elementor-element-5988743\" data-id=\"5988743\" data-element_type=\"column\">\n\t\t\t<div class=\"elementor-column-wrap elementor-element-populated\">\n\t\t\t\t\t\t\t<div class=\"elementor-widget-wrap\">\n\t\t\t\t\t\t<div class=\"elementor-element elementor-element-b31fadc elementor-widget elementor-widget-wp-widget-email-subscribers-form\" data-id=\"b31fadc\" data-element_type=\"widget\" data-widget_type=\"wp-widget-email-subscribers-form.default\">\n\t\t\t\t<div class=\"elementor-widget-container\">\n\t\t\t<h5> Si vous souhaitez \u00eatre tenu au courant des nouvelles actualit\u00e9s \/ cr\u00e9ations \/ etc&#8230; (Subscription) <\/h5><div class=\"emaillist\" id=\"es_form_f1-n1\"><form action=\"\/index.php?rest_route=%2Fwp%2Fv2%2Fpages%2F121#es_form_f1-n1\" method=\"post\" class=\"es_subscription_form es_shortcode_form \" id=\"es_subscription_form_69ea143f30c91\" data-source=\"ig-es\"><div class=\"es_caption\">Pour recevoir un petit mail \u00e0 chaque nouvelle publication (Actualit\u00e9s majeures et Fanzine)<\/div><div class=\"es-field-wrap\"><label>Nom<br \/><input type=\"text\" name=\"esfpx_name\" class=\"ig_es_form_field_name\" placeholder=\"\" value=\"\" \/><\/label><\/div><div class=\"es-field-wrap\"><label>Email*<br \/><input class=\"es_required_field es_txt_email ig_es_form_field_email\" type=\"email\" name=\"esfpx_email\" value=\"\" placeholder=\"\" required=\"required\" \/><\/label><\/div><input type=\"hidden\" name=\"esfpx_lists[]\" value=\"fcb7f55e062a\" \/><input type=\"hidden\" name=\"esfpx_form_id\" value=\"1\" \/><input type=\"hidden\" name=\"es\" value=\"subscribe\" \/>\n\t\t\t<input type=\"hidden\" name=\"esfpx_es_form_identifier\" value=\"f1-n1\" \/>\n\t\t\t<input type=\"hidden\" name=\"esfpx_es_email_page\" value=\"121\" \/>\n\t\t\t<input type=\"hidden\" name=\"esfpx_es_email_page_url\" value=\"https:\/\/pepason.fr\/?page_id=121\" \/>\n\t\t\t<input type=\"hidden\" name=\"esfpx_status\" value=\"Unconfirmed\" \/>\n\t\t\t<input type=\"hidden\" name=\"esfpx_es-subscribe\" id=\"es-subscribe-69ea143f30c91\" value=\"1528b36628\" \/>\n\t\t\t<label style=\"position:absolute;top:-99999px;left:-99999px;z-index:-99;\"><input type=\"email\" name=\"esfpx_es_hp_email\" class=\"es_required_field\" tabindex=\"-1\" autocomplete=\"-1\" value=\"\" \/><\/label><input type=\"submit\" name=\"submit\" class=\"es_subscription_form_submit es_submit_button es_textbox_button\" id=\"es_subscription_form_submit_69ea143f30c91\" value=\"S'abonner\" \/><span class=\"es_spinner_image\" id=\"spinner-image\"><img src=\"https:\/\/pepason.fr\/wp-content\/plugins\/email-subscribers\/lite\/public\/images\/spinner.gif\" alt=\"Loading\" \/><\/span><\/form><span class=\"es_subscription_message \" id=\"es_subscription_message_69ea143f30c91\"><\/span><\/div>\t\t<\/div>\n\t\t\t\t<\/div>\n\t\t\t\t\t\t<\/div>\n\t\t\t\t\t<\/div>\n\t\t<\/div>\n\t\t\t\t\t\t\t\t<\/div>\n\t\t\t\t\t<\/div>\n\t\t<\/section>\n\t\t\t\t<section class=\"elementor-section elementor-top-section elementor-element elementor-element-5671d7b3 elementor-section-boxed elementor-section-height-default elementor-section-height-default\" data-id=\"5671d7b3\" data-element_type=\"section\">\n\t\t\t\t\t\t<div class=\"elementor-container elementor-column-gap-default\">\n\t\t\t\t\t\t\t<div class=\"elementor-row\">\n\t\t\t\t\t<div class=\"elementor-column elementor-col-100 elementor-top-column elementor-element elementor-element-2f73ca04\" data-id=\"2f73ca04\" data-element_type=\"column\">\n\t\t\t<div class=\"elementor-column-wrap\">\n\t\t\t\t\t\t\t<div class=\"elementor-widget-wrap\">\n\t\t\t\t\t\t\t\t<\/div>\n\t\t\t\t\t<\/div>\n\t\t<\/div>\n\t\t\t\t\t\t\t\t<\/div>\n\t\t\t\t\t<\/div>\n\t\t<\/section>\n\t\t\t\t\t\t\t\t\t<\/div>\n\t\t\t<\/div>\n\t\t\t\t\t<\/div>\n\t\t","protected":false},"excerpt":{"rendered":"<p>Du fait du nombre \u00e9lev\u00e9 de spam nous avons choisi de nous s\u00e9parer du formulaire automatique de contact. Nous vous remercions de nous avoyer directement un mail \u00e0 l&#8217;adresse suivante :\u00a0 &#8211;&gt; pepason.asso_at_gmail_point_com<\/p>\n","protected":false},"author":1,"featured_media":0,"parent":0,"menu_order":0,"comment_status":"closed","ping_status":"closed","template":"","meta":{"_monsterinsights_skip_tracking":false,"_monsterinsights_sitenote_active":false,"_monsterinsights_sitenote_note":"","_monsterinsights_sitenote_category":0,"cybocfi_hide_featured_image":""},"post_mailing_queue_ids":[],"_links":{"self":[{"href":"https:\/\/pepason.fr\/index.php?rest_route=\/wp\/v2\/pages\/121"}],"collection":[{"href":"https:\/\/pepason.fr\/index.php?rest_route=\/wp\/v2\/pages"}],"about":[{"href":"https:\/\/pepason.fr\/index.php?rest_route=\/wp\/v2\/types\/page"}],"author":[{"embeddable":true,"href":"https:\/\/pepason.fr\/index.php?rest_route=\/wp\/v2\/users\/1"}],"replies":[{"embeddable":true,"href":"https:\/\/pepason.fr\/index.php?rest_route=%2Fwp%2Fv2%2Fcomments&post=121"}],"version-history":[{"count":30,"href":"https:\/\/pepason.fr\/index.php?rest_route=\/wp\/v2\/pages\/121\/revisions"}],"predecessor-version":[{"id":2994,"href":"https:\/\/pepason.fr\/index.php?rest_route=\/wp\/v2\/pages\/121\/revisions\/2994"}],"wp:attachment":[{"href":"https:\/\/pepason.fr\/index.php?rest_route=%2Fwp%2Fv2%2Fmedia&parent=121"}],"curies":[{"name":"wp","href":"https:\/\/api.w.org\/{rel}","templated":true}]}}