{"id":1504,"date":"2021-07-13T12:26:28","date_gmt":"2021-07-13T10:26:28","guid":{"rendered":"http:\/\/pepason.fr\/?page_id=1504"},"modified":"2022-12-19T13:59:29","modified_gmt":"2022-12-19T12:59:29","slug":"agenda-pepason","status":"publish","type":"page","link":"https:\/\/pepason.fr\/?page_id=1504","title":{"rendered":"Agenda PePaSon"},"content":{"rendered":"\t\t<div data-elementor-type=\"wp-page\" data-elementor-id=\"1504\" class=\"elementor elementor-1504\">\n\t\t\t\t\t\t<div class=\"elementor-inner\">\n\t\t\t\t<div class=\"elementor-section-wrap\">\n\t\t\t\t\t\t\t\t\t<section class=\"elementor-section elementor-top-section elementor-element elementor-element-af61dac elementor-section-boxed elementor-section-height-default elementor-section-height-default\" data-id=\"af61dac\" data-element_type=\"section\">\n\t\t\t\t\t\t<div class=\"elementor-container elementor-column-gap-default\">\n\t\t\t\t\t\t\t<div class=\"elementor-row\">\n\t\t\t\t\t<div class=\"elementor-column elementor-col-100 elementor-top-column elementor-element elementor-element-edeb1dd\" data-id=\"edeb1dd\" data-element_type=\"column\">\n\t\t\t<div class=\"elementor-column-wrap elementor-element-populated\">\n\t\t\t\t\t\t\t<div class=\"elementor-widget-wrap\">\n\t\t\t\t\t\t<div class=\"elementor-element elementor-element-5ede0de elementor-widget elementor-widget-heading\" data-id=\"5ede0de\" data-element_type=\"widget\" data-widget_type=\"heading.default\">\n\t\t\t\t<div class=\"elementor-widget-container\">\n\t\t\t<h2 class=\"elementor-heading-title elementor-size-default\">Agenda et RDVs de l'association !<\/h2>\t\t<\/div>\n\t\t\t\t<\/div>\n\t\t\t\t<div class=\"elementor-element elementor-element-6a311f5 elementor-widget elementor-widget-text-editor\" data-id=\"6a311f5\" data-element_type=\"widget\" data-widget_type=\"text-editor.default\">\n\t\t\t\t<div class=\"elementor-widget-container\">\n\t\t\t\t\t\t\t\t<div class=\"elementor-text-editor elementor-clearfix\">\n\t\t\t\t<p><em><span style=\"text-decoration: underline;\">Note<\/span> : Notre plugin n&#8217;organise pas toujours les \u00e9v\u00e8nements dans l&#8217;ordre chronologique &#8211; Pensez \u00e0 v\u00e9rifier les dates et parcourir l&#8217;agenda \ud83d\ude09\u00a0<\/em><\/p>\t\t\t\t\t<\/div>\n\t\t\t\t\t\t<\/div>\n\t\t\t\t<\/div>\n\t\t\t\t<div class=\"elementor-element elementor-element-0551f74 elementor-grid-3 elementor-grid-tablet-2 elementor-grid-mobile-1 elementor-posts--thumbnail-top elementor-widget elementor-widget-posts\" data-id=\"0551f74\" data-element_type=\"widget\" data-settings=\"{&quot;pagination_type&quot;:&quot;numbers_and_prev_next&quot;,&quot;classic_columns&quot;:&quot;3&quot;,&quot;classic_columns_tablet&quot;:&quot;2&quot;,&quot;classic_columns_mobile&quot;:&quot;1&quot;,&quot;classic_row_gap&quot;:{&quot;unit&quot;:&quot;px&quot;,&quot;size&quot;:35,&quot;sizes&quot;:[]},&quot;classic_row_gap_tablet&quot;:{&quot;unit&quot;:&quot;px&quot;,&quot;size&quot;:&quot;&quot;,&quot;sizes&quot;:[]},&quot;classic_row_gap_mobile&quot;:{&quot;unit&quot;:&quot;px&quot;,&quot;size&quot;:&quot;&quot;,&quot;sizes&quot;:[]}}\" data-widget_type=\"posts.classic\">\n\t\t\t\t<div class=\"elementor-widget-container\">\n\t\t\t\t\t<div class=\"elementor-posts-container elementor-posts elementor-posts--skin-classic elementor-grid\">\n\t\t\t\t<article class=\"elementor-post elementor-grid-item post-4076 post type-post status-publish format-standard has-post-thumbnail hentry category-actus category-actualites_pepason category-fanzine_blog category-tournee tag-tournee-balade\">\n\t\t\t\t<a class=\"elementor-post__thumbnail__link\" href=\"https:\/\/pepason.fr\/?p=4076\" >\n\t\t\t<div class=\"elementor-post__thumbnail\"><img width=\"300\" height=\"225\" src=\"https:\/\/pepason.fr\/wp-content\/uploads\/2023\/08\/Photo_PePaSon_10092023_BaladeSonore_Alessandro7-300x225.jpg\" class=\"attachment-medium size-medium\" alt=\"\" loading=\"lazy\" \/><\/div>\n\t\t<\/a>\n\t\t\t\t<div class=\"elementor-post__text\">\n\t\t\t\t<h3 class=\"elementor-post__title\">\n\t\t\t<a href=\"https:\/\/pepason.fr\/?p=4076\" >\n\t\t\t\tBalade sonore &#8211; Tourn\u00e9e #2 &#8211; Alessandro De Cecco et Beno\u00eet Frech (Grenoble, 10.09.2022)\t\t\t<\/a>\n\t\t<\/h3>\n\t\t\t\t<div class=\"elementor-post__excerpt\">\n\t\t\t<p>Dimanche 10 septembre \u00e0 10H nous avions rendez vous avec Alessandro De Cecco et Beno\u00eet Frech (aka Le Son Fa\u00e7onn\u00e9) \u00e0 Grenoble pour une \u00e9tape de la tourn\u00e9e de balades sonores de PePaSon respectivement intitul\u00e9es &#8220;PAYSAGES | D\u00c9CAL\u00c9S&#8221; et &#8220;A l&#8217;\u00e9coute de la Ville&#8221; dans la cadre du festival PAYSAGES | COMPOS\u00c9S de l&#8217;association APN\u00c9ES.<\/p>\n\t\t<\/div>\n\t\t\n\t\t<a class=\"elementor-post__read-more\" href=\"https:\/\/pepason.fr\/?p=4076\" >\n\t\t\tLire la suite \u00bb\t\t<\/a>\n\n\t\t\t\t<\/div>\n\t\t\t\t<\/article>\n\t\t\t\t<article class=\"elementor-post elementor-grid-item post-3988 post type-post status-publish format-standard has-post-thumbnail hentry category-actus category-fanzine_blog category-tournee tag-tournee-balade\">\n\t\t\t\t<a class=\"elementor-post__thumbnail__link\" href=\"https:\/\/pepason.fr\/?p=3988\" >\n\t\t\t<div class=\"elementor-post__thumbnail\"><img width=\"1\" height=\"1\" src=\"https:\/\/pepason.fr\/wp-content\/uploads\/2023\/06\/20230530_224546_ByPolina-1.jpg\" class=\"attachment-medium size-medium\" alt=\"\" loading=\"lazy\" \/><\/div>\n\t\t<\/a>\n\t\t\t\t<div class=\"elementor-post__text\">\n\t\t\t\t<h3 class=\"elementor-post__title\">\n\t\t\t<a href=\"https:\/\/pepason.fr\/?p=3988\" >\n\t\t\t\tBalade sonore &#8211; A l&#8217;\u00e9coute de la lumi\u00e8re avec Boris Shershenkov (Paris, 30.05.2023)\t\t\t<\/a>\n\t\t<\/h3>\n\t\t\t\t<div class=\"elementor-post__excerpt\">\n\t\t\t<p>Mardi 30 mai 2023 l&#8217;artiste russe Boris Shershenkov nous emm\u00e8ne dans les rue de Paris autour de la place de la R\u00e9publique, \u00e0 l&#8217;\u00e9coute de la lumi\u00e8re \u00e0 l&#8217;aide de transducteurs DIY dans le cadre de son projet &#8220;Lighthub&#8221;.<\/p>\n\t\t<\/div>\n\t\t\n\t\t<a class=\"elementor-post__read-more\" href=\"https:\/\/pepason.fr\/?p=3988\" >\n\t\t\tLire la suite \u00bb\t\t<\/a>\n\n\t\t\t\t<\/div>\n\t\t\t\t<\/article>\n\t\t\t\t<article class=\"elementor-post elementor-grid-item post-3687 post type-post status-publish format-standard has-post-thumbnail hentry category-actus category-tournee\">\n\t\t\t\t<a class=\"elementor-post__thumbnail__link\" href=\"https:\/\/pepason.fr\/?p=3687\" >\n\t\t\t<div class=\"elementor-post__thumbnail\"><img width=\"300\" height=\"167\" src=\"https:\/\/pepason.fr\/wp-content\/uploads\/2023\/02\/Tournee4_BaladeSonoreMarseille-300x167.jpg\" class=\"attachment-medium size-medium\" alt=\"\" loading=\"lazy\" \/><\/div>\n\t\t<\/a>\n\t\t\t\t<div class=\"elementor-post__text\">\n\t\t\t\t<h3 class=\"elementor-post__title\">\n\t\t\t<a href=\"https:\/\/pepason.fr\/?p=3687\" >\n\t\t\t\tBalades sonores &#8211; &#8220;Pamparigouste et Anthropophony&#8221; (14.04.2023 &#8211; Istres) &#8211; Tourn\u00e9e #Ep.4\t\t\t<\/a>\n\t\t<\/h3>\n\t\t\t\t<div class=\"elementor-post__excerpt\">\n\t\t\t<p>PePaSon vous invite au quatri\u00e8me \u00e9pisode de sa tourn\u00e9e de balades sonores en r\u00e9gion PACA \u00e0 Istres (13) sur les bords de l&#8217;\u00e9tang de Berre avec Caroline Bo\u00eb et Pascal Messaoudi \u00e0 l&#8217;\u00e9coute de l&#8217;histoire des lieux et des sons qui nous envahissent. En collaboration avec le GRAINE PACA, le bureau des guides et le laboratoire PRISM. <\/p>\n\t\t<\/div>\n\t\t\n\t\t<a class=\"elementor-post__read-more\" href=\"https:\/\/pepason.fr\/?p=3687\" >\n\t\t\tLire la suite \u00bb\t\t<\/a>\n\n\t\t\t\t<\/div>\n\t\t\t\t<\/article>\n\t\t\t\t<article class=\"elementor-post elementor-grid-item post-3677 post type-post status-publish format-standard has-post-thumbnail hentry category-actus category-ag-agm-reu\">\n\t\t\t\t<a class=\"elementor-post__thumbnail__link\" href=\"https:\/\/pepason.fr\/?p=3677\" >\n\t\t\t<div class=\"elementor-post__thumbnail\"><img width=\"300\" height=\"159\" src=\"https:\/\/pepason.fr\/wp-content\/uploads\/2023\/02\/AGM-300x159.jpg\" class=\"attachment-medium size-medium\" alt=\"\" loading=\"lazy\" \/><\/div>\n\t\t<\/a>\n\t\t\t\t<div class=\"elementor-post__text\">\n\t\t\t\t<h3 class=\"elementor-post__title\">\n\t\t\t<a href=\"https:\/\/pepason.fr\/?p=3677\" >\n\t\t\t\tAGM F\u00e9vrier 2023 &#8211; Rencontres mensuelles de l&#8217;association &#8211;  (21.02.23 &#8211; En Ligne)\t\t\t<\/a>\n\t\t<\/h3>\n\t\t\t\t<div class=\"elementor-post__excerpt\">\n\t\t\t<p>Chaque mois l&#8217;association propose un petit rendez-vous en ligne occasionnant discussions informelles, \u00e9changes d&#8217;infos, id\u00e9es de projets, questions r\u00e9ponses et parfois quelques pr\u00e9sentations ! Rejoignez nous avec grand plaisir et en toute simplicit\u00e9 ! <\/p>\n\t\t<\/div>\n\t\t\n\t\t<a class=\"elementor-post__read-more\" href=\"https:\/\/pepason.fr\/?p=3677\" >\n\t\t\tLire la suite \u00bb\t\t<\/a>\n\n\t\t\t\t<\/div>\n\t\t\t\t<\/article>\n\t\t\t\t<article class=\"elementor-post elementor-grid-item post-3299 post type-post status-publish format-standard has-post-thumbnail hentry category-actus category-sdsl\">\n\t\t\t\t<a class=\"elementor-post__thumbnail__link\" href=\"https:\/\/pepason.fr\/?p=3299\" >\n\t\t\t<div class=\"elementor-post__thumbnail\"><img width=\"300\" height=\"158\" src=\"https:\/\/pepason.fr\/wp-content\/uploads\/2022\/12\/FdPSBandeau-1-300x158.png\" class=\"attachment-medium size-medium\" alt=\"\" loading=\"lazy\" \/><\/div>\n\t\t<\/a>\n\t\t\t\t<div class=\"elementor-post__text\">\n\t\t\t\t<h3 class=\"elementor-post__title\">\n\t\t\t<a href=\"https:\/\/pepason.fr\/?p=3299\" >\n\t\t\t\tForum des Paysagistes Sonores 2023 (28.01.23 &#8211; Lyon)\t\t\t<\/a>\n\t\t<\/h3>\n\t\t\t\t<div class=\"elementor-post__excerpt\">\n\t\t\t<p>Le Forum des Paysagistes Sonores est une manifestation de partage de pratiques originale en p\u00e9dagogies des paysages sonores et m\u00e9diation de l&#8217;\u00e9coute. Il croise expositions, conf\u00e9rences et performances le temps d&#8217;un apr\u00e8s-midi convivial et \u00e9clectique ! <\/p>\n\t\t<\/div>\n\t\t\n\t\t<a class=\"elementor-post__read-more\" href=\"https:\/\/pepason.fr\/?p=3299\" >\n\t\t\tLire la suite \u00bb\t\t<\/a>\n\n\t\t\t\t<\/div>\n\t\t\t\t<\/article>\n\t\t\t\t<article class=\"elementor-post elementor-grid-item post-3301 post type-post status-publish format-standard has-post-thumbnail hentry category-actus category-sdsl\">\n\t\t\t\t<a class=\"elementor-post__thumbnail__link\" href=\"https:\/\/pepason.fr\/?p=3301\" >\n\t\t\t<div class=\"elementor-post__thumbnail\"><img width=\"300\" height=\"158\" src=\"https:\/\/pepason.fr\/wp-content\/uploads\/2022\/12\/EcrireLePS-2-300x158.png\" class=\"attachment-medium size-medium\" alt=\"\" loading=\"lazy\" \/><\/div>\n\t\t<\/a>\n\t\t\t\t<div class=\"elementor-post__text\">\n\t\t\t\t<h3 class=\"elementor-post__title\">\n\t\t\t<a href=\"https:\/\/pepason.fr\/?p=3301\" >\n\t\t\t\tTable-ronde &#8220;Ecrire les paysages sonores&#8221; (27.01.23 &#8211; Lyon)\t\t\t<\/a>\n\t\t<\/h3>\n\t\t\t\t<div class=\"elementor-post__excerpt\">\n\t\t\t<p>En croisant \u00e9coutes, exp\u00e9riences et discussions autour d&#8217;ouvrages de r\u00e9f\u00e9rence rassembl\u00e9s pour l&#8217;occasion, nous tenterons avec une dizaine d&#8217;invit\u00e9s et la salle de dresser un panorama des d\u00e9marches d&#8217;\u00e9critures des paysages sonores travaill\u00e9es autant par les arts, les sciences et les techniques, de la composition sonore \u00e0 la po\u00e9sie, en passant par le graphisme, l&#8217;architecture ou l&#8217;enregistrement de terrain. <\/p>\n\t\t<\/div>\n\t\t\n\t\t<a class=\"elementor-post__read-more\" href=\"https:\/\/pepason.fr\/?p=3301\" >\n\t\t\tLire la suite \u00bb\t\t<\/a>\n\n\t\t\t\t<\/div>\n\t\t\t\t<\/article>\n\t\t\t\t<\/div>\n\n\n\t\t\n\t\t\t\t<div class=\"e-load-more-anchor\" data-page=\"1\" data-max-page=\"2\" data-next-page=\"https:\/\/pepason.fr\/index.php?rest_route=%2Fwp%2Fv2%2Fpages%2F1504&#038;paged=2\"><\/div>\n\t\t\t\t<nav class=\"elementor-pagination\" role=\"navigation\" aria-label=\"Pagination\">\n\t\t\t<span class=\"page-numbers prev\">&laquo; Pr\u00e9c\u00e9dent<\/span>\n<span aria-current=\"page\" class=\"page-numbers current\"><span class=\"elementor-screen-only\">Page<\/span>1<\/span>\n<a class=\"page-numbers\" href=\"https:\/\/pepason.fr\/index.php\/?paged=2&#038;rest_route=%2Fwp%2Fv2%2Fpages%2F1504\"><span class=\"elementor-screen-only\">Page<\/span>2<\/a>\n<a class=\"page-numbers next\" href=\"https:\/\/pepason.fr\/index.php?rest_route=%2Fwp%2Fv2%2Fpages%2F1504&#038;paged=2\">Suivant &raquo;<\/a>\t\t<\/nav>\n\t\t\t\t<\/div>\n\t\t\t\t<\/div>\n\t\t\t\t\t\t<\/div>\n\t\t\t\t\t<\/div>\n\t\t<\/div>\n\t\t\t\t\t\t\t\t<\/div>\n\t\t\t\t\t<\/div>\n\t\t<\/section>\n\t\t\t\t\t\t\t\t\t<\/div>\n\t\t\t<\/div>\n\t\t\t\t\t<\/div>\n\t\t","protected":false},"excerpt":{"rendered":"<p>Agenda et RDVs de l&#8217;association ! Note : Notre plugin n&#8217;organise pas toujours les \u00e9v\u00e8nements dans l&#8217;ordre chronologique &#8211; Pensez \u00e0 v\u00e9rifier les dates et parcourir l&#8217;agenda \ud83d\ude09\u00a0<\/p>\n","protected":false},"author":1,"featured_media":0,"parent":0,"menu_order":0,"comment_status":"closed","ping_status":"closed","template":"","meta":{"_monsterinsights_skip_tracking":false,"_monsterinsights_sitenote_active":false,"_monsterinsights_sitenote_note":"","_monsterinsights_sitenote_category":0,"cybocfi_hide_featured_image":""},"post_mailing_queue_ids":[],"_links":{"self":[{"href":"https:\/\/pepason.fr\/index.php?rest_route=\/wp\/v2\/pages\/1504"}],"collection":[{"href":"https:\/\/pepason.fr\/index.php?rest_route=\/wp\/v2\/pages"}],"about":[{"href":"https:\/\/pepason.fr\/index.php?rest_route=\/wp\/v2\/types\/page"}],"author":[{"embeddable":true,"href":"https:\/\/pepason.fr\/index.php?rest_route=\/wp\/v2\/users\/1"}],"replies":[{"embeddable":true,"href":"https:\/\/pepason.fr\/index.php?rest_route=%2Fwp%2Fv2%2Fcomments&post=1504"}],"version-history":[{"count":14,"href":"https:\/\/pepason.fr\/index.php?rest_route=\/wp\/v2\/pages\/1504\/revisions"}],"predecessor-version":[{"id":3393,"href":"https:\/\/pepason.fr\/index.php?rest_route=\/wp\/v2\/pages\/1504\/revisions\/3393"}],"wp:attachment":[{"href":"https:\/\/pepason.fr\/index.php?rest_route=%2Fwp%2Fv2%2Fmedia&parent=1504"}],"curies":[{"name":"wp","href":"https:\/\/api.w.org\/{rel}","templated":true}]}}