{"id":1595,"date":"2021-10-22T13:12:54","date_gmt":"2021-10-22T11:12:54","guid":{"rendered":"https:\/\/pepason.fr\/?page_id=1595"},"modified":"2021-10-22T20:21:08","modified_gmt":"2021-10-22T18:21:08","slug":"mon-profil","status":"publish","type":"page","link":"https:\/\/pepason.fr\/?page_id=1595","title":{"rendered":"Mon profil"},"content":{"rendered":"\t\t<div data-elementor-type=\"wp-page\" data-elementor-id=\"1595\" class=\"elementor elementor-1595\">\n\t\t\t\t\t\t<div class=\"elementor-inner\">\n\t\t\t\t<div class=\"elementor-section-wrap\">\n\t\t\t\t\t\t\t\t\t<section class=\"elementor-section elementor-top-section elementor-element elementor-element-2327692 elementor-section-boxed elementor-section-height-default elementor-section-height-default\" data-id=\"2327692\" data-element_type=\"section\">\n\t\t\t\t\t\t<div class=\"elementor-container elementor-column-gap-default\">\n\t\t\t\t\t\t\t<div class=\"elementor-row\">\n\t\t\t\t\t<div class=\"elementor-column elementor-col-100 elementor-top-column elementor-element elementor-element-b3b30db\" data-id=\"b3b30db\" data-element_type=\"column\">\n\t\t\t<div class=\"elementor-column-wrap elementor-element-populated\">\n\t\t\t\t\t\t\t<div class=\"elementor-widget-wrap\">\n\t\t\t\t\t\t<div class=\"elementor-element elementor-element-870fa1d elementor-widget elementor-widget-text-editor\" data-id=\"870fa1d\" data-element_type=\"widget\" data-widget_type=\"text-editor.default\">\n\t\t\t\t<div class=\"elementor-widget-container\">\n\t\t\t\t\t\t\t\t<div class=\"elementor-text-editor elementor-clearfix\">\n\t\t\t\t<p>Si vous souhaitez <b>modifier la photo de profil qui apparait pour votre compte <\/b>vous devez la modifier dans Gravatar \/ WordPress.com &#8211; Pour cela RDV en cliquant dans &#8220;modifier mon profil&#8221; en haut \u00e0 droite dans le bandeau noir au-dessus de cette page ; puis en cliquant sur l&#8217;image de votre profil et sur &#8220;Modifier&#8221;.\u00a0\u00a0<\/p>\t\t\t\t\t<\/div>\n\t\t\t\t\t\t<\/div>\n\t\t\t\t<\/div>\n\t\t\t\t<div class=\"elementor-element elementor-element-31a9b34 elementor-widget elementor-widget-text-editor\" data-id=\"31a9b34\" data-element_type=\"widget\" data-widget_type=\"text-editor.default\">\n\t\t\t\t<div class=\"elementor-widget-container\">\n\t\t\t\t\t\t\t\t<div class=\"elementor-text-editor elementor-clearfix\">\n\t\t\t\t<p>\u00a0<\/p><p><span style=\"color: var( --e-global-color-text ); font-family: var( --e-global-typography-text-font-family ), Poppins; font-weight: var( --e-global-typography-text-font-weight ); font-size: 1rem;\">CHANGEMENT DE MOT DE PASSE ? EDITER MON PROFIL ?<\/span><\/p><p><div id=\"wpmem_login\"><a id=\"login\"><\/a><form action=\"https:\/\/pepason.fr\/?page_id=1595\" method=\"POST\" id=\"wpmem_login_form\" class=\"form\"><input type=\"hidden\" id=\"_wpmem_login_nonce\" name=\"_wpmem_login_nonce\" value=\"481a3f3164\" \/><input type=\"hidden\" name=\"_wp_http_referer\" value=\"\/index.php?rest_route=%2Fwp%2Fv2%2Fpages%2F1595\" \/><fieldset><legend>Connexion pour les utilisateurs enregistr\u00e9s<\/legend><label for=\"log\">Identifiant ou e-mail<\/label><div class=\"div_text\"><input name=\"log\" type=\"text\" id=\"log\" value=\"\" class=\"username\" required  \/><\/div><label for=\"pwd\">Mot de passe<\/label><div class=\"div_text\"><input name=\"pwd\" type=\"password\" id=\"pwd\" class=\"password\" required  \/><\/div><input name=\"a\" type=\"hidden\" value=\"login\" \/><input name=\"redirect_to\" type=\"hidden\" value=\"https:\/\/pepason.fr\/?page_id=1595\" \/><div class=\"button_div\"><input name=\"rememberme\" type=\"checkbox\" id=\"rememberme\" value=\"forever\" \/>&nbsp;<label for=\"rememberme\">Se souvenir de moi<\/label>&nbsp;&nbsp;<input type=\"submit\" name=\"Submit\" value=\"Connexion\" class=\"buttons\" \/><\/div><div class=\"link-text\"><span class=\"link-text-forgot\">Mot de passe oubli\u00e9\u00a0?&nbsp;<a href=\"https:\/\/pepason.fr\/?page_id=1595&#038;a=pwdreset\">Cliquez ici pour r\u00e9initialiser<\/a><\/span><\/div><div class=\"link-text\"><span class=\"link-text-register\">Nouvel utilisateur\u00a0?&nbsp;<a href=\"https:\/\/pepason.fr\/?page_id=928\">Cliquez ici pour vous inscrire<\/a><\/span><\/div><\/fieldset><\/form><\/div><div id=\"wpmem_reg\"><a id=\"register\"><\/a><form name=\"form\" method=\"post\" action=\"https:\/\/pepason.fr\/?page_id=1595\" id=\"wpmem_register_form\" class=\"form\"><input type=\"hidden\" id=\"_wpmem_register_nonce\" name=\"_wpmem_register_nonce\" value=\"b5b0555b2d\" \/><input type=\"hidden\" name=\"_wp_http_referer\" value=\"\/index.php?rest_route=%2Fwp%2Fv2%2Fpages%2F1595\" \/><fieldset><legend>Nouvel utilisateur\u00a0?<\/legend><label for=\"username\" class=\"text\">Nom Affich\u00e9 &#8211; Pseudo<span class=\"req\">*<\/span><\/label><div class=\"div_text\"><input name=\"username\" type=\"text\" id=\"username\" value=\"\" class=\"textbox\" required  \/><\/div><label for=\"first_name\" class=\"text\">Pr\u00e9nom<span class=\"req\">*<\/span><\/label><div class=\"div_text\"><input name=\"first_name\" type=\"text\" id=\"first_name\" value=\"\" class=\"textbox\" required  \/><\/div><label for=\"last_name\" class=\"text\">Nom<span class=\"req\">*<\/span><\/label><div class=\"div_text\"><input name=\"last_name\" type=\"text\" id=\"last_name\" value=\"\" class=\"textbox\" required  \/><\/div><label for=\"adhesion_declare\" class=\"checkbox\">J&#8217;ai cotis\u00e9 \u00e0 l&#8217;association ?<span class=\"req\">*<\/span><\/label><div class=\"div_checkbox\"><input name=\"adhesion_declare\" type=\"checkbox\" id=\"adhesion_declare\" value=\"OUI - Adh\u00e9sion d\u00e9clar\u00e9e comme r\u00e9gl\u00e9e\" required  \/><\/div><label for=\"billing_address_1\" class=\"text\">Adresse postale<span class=\"req\">*<\/span><\/label><div class=\"div_text\"><input name=\"billing_address_1\" type=\"text\" id=\"billing_address_1\" value=\"\" class=\"textbox\" placeholder=\"Adresse de correspondance\" required  \/><\/div><label for=\"billing_address_2\" class=\"text\">Adresse professionnelle<\/label><div class=\"div_text\"><input name=\"billing_address_2\" type=\"text\" id=\"billing_address_2\" value=\"\" class=\"textbox\" placeholder=\"Adresse pro\" \/><\/div><label for=\"billing_city\" class=\"text\">Ville<span class=\"req\">*<\/span><\/label><div class=\"div_text\"><input name=\"billing_city\" type=\"text\" id=\"billing_city\" value=\"\" class=\"textbox\" required  \/><\/div><label for=\"billing_state\" class=\"text\">\u00c9tat<\/label><div class=\"div_text\"><input name=\"billing_state\" type=\"text\" id=\"billing_state\" value=\"\" class=\"textbox\" \/><\/div><label for=\"billing_postcode\" class=\"text\">Code postal<span class=\"req\">*<\/span><\/label><div class=\"div_text\"><input name=\"billing_postcode\" type=\"text\" id=\"billing_postcode\" value=\"\" class=\"textbox\" required  \/><\/div><label for=\"billing_country\" class=\"text\">Pays<span class=\"req\">*<\/span><\/label><div class=\"div_text\"><input name=\"billing_country\" type=\"text\" id=\"billing_country\" value=\"\" class=\"textbox\" required  \/><\/div><label for=\"billing_phone\" class=\"text\">Phone<\/label><div class=\"div_text\"><input name=\"billing_phone\" type=\"text\" id=\"billing_phone\" value=\"\" class=\"textbox\" \/><\/div><label for=\"user_email\" class=\"text\">Courriel<span class=\"req\">*<\/span><\/label><div class=\"div_text\"><input name=\"user_email\" type=\"email\" id=\"user_email\" value=\"\" class=\"textbox\" required  \/><\/div><label for=\"confirm_email\" class=\"text\">Confirmer le courriel<span class=\"req\">*<\/span><\/label><div class=\"div_text\"><input name=\"confirm_email\" type=\"email\" id=\"confirm_email\" value=\"\" class=\"textbox\" required  \/><\/div><label for=\"user_url\" class=\"text\">Site web<\/label><div class=\"div_text\"><input name=\"user_url\" type=\"url\" id=\"user_url\" value=\"\" class=\"textbox\" \/><\/div><label for=\"description\" class=\"textarea\">Biographie et informations<\/label><div class=\"div_textarea\"><textarea cols=\"2\" rows=\"1\" name=\"description\" id=\"description\" class=\"textarea\"><\/textarea><\/div><label for=\"password\" class=\"text\">Mot de passe<span class=\"req\">*<\/span><\/label><div class=\"div_text\"><input name=\"password\" type=\"password\" id=\"password\" class=\"textbox\" required  \/><\/div><label for=\"confirm_password\" class=\"text\">Confirmer le mot de passe<span class=\"req\">*<\/span><\/label><div class=\"div_text\"><input name=\"confirm_password\" type=\"password\" id=\"confirm_password\" class=\"textbox\" required  \/><\/div><div class=\"div_text\"><input name=\"tos\" type=\"checkbox\" id=\"tos\" value=\"agree\" required  \/> <a href=\"#\" onClick=\"window.open('\/index.php?rest_route=%2Fwp%2Fv2%2Fpages%2F1595&#038;tos=display','tos');\">Terms of Service<\/a><span class=\"req\">*<\/span><\/div><label class=\"text\" for=\"captcha\">Entrez le code\u00a0:<\/label><div class=\"div_text\"><img loading=\"lazy\" src=\"https:\/\/pepason.fr\/wp-content\/plugins\/really-simple-captcha\/tmp\/1825402093.png\" alt=\"captcha\" width=\"72\" height=\"30\" \/><input id=\"captcha_prefix\" name=\"captcha_prefix\" type=\"hidden\" value=\"1825402093\" \/><input id=\"captcha_code\" name=\"captcha_code\" size=\"4\" type=\"text\" class=\"textbox\" required \/><\/div><input name=\"a\" type=\"hidden\" value=\"register\" \/><input name=\"wpmem_reg_page\" type=\"hidden\" value=\"https:\/\/pepason.fr\/?page_id=1595\" \/><div class=\"button_div\"><input name=\"submit\" type=\"submit\" value=\"S\u2019enregistrer\" class=\"buttons\" \/><\/div><div class=\"req-text\"><span class=\"req\">*<\/span>Champ requis<\/div><\/fieldset><div align=\"center\"><small>Powered by <a href=\"https:\/\/rocketgeek.com\" target=\"_blank\">WP-Members<\/a><\/small><\/div><\/form><\/div><\/p>\t\t\t\t\t<\/div>\n\t\t\t\t\t\t<\/div>\n\t\t\t\t<\/div>\n\t\t\t\t\t\t<\/div>\n\t\t\t\t\t<\/div>\n\t\t<\/div>\n\t\t\t\t\t\t\t\t<\/div>\n\t\t\t\t\t<\/div>\n\t\t<\/section>\n\t\t\t\t\t\t\t\t\t<\/div>\n\t\t\t<\/div>\n\t\t\t\t\t<\/div>\n\t\t","protected":false},"excerpt":{"rendered":"<p>Si vous souhaitez modifier la photo de profil qui apparait pour votre compte vous devez la modifier dans Gravatar \/ WordPress.com &#8211; Pour cela RDV en cliquant dans &#8220;modifier mon profil&#8221; en haut \u00e0 droite dans le bandeau noir au-dessus de cette page ; puis en cliquant sur l&#8217;image de votre profil et sur &#8220;Modifier&#8221;.\u00a0\u00a0 [&hellip;]<\/p>\n","protected":false},"author":1,"featured_media":0,"parent":0,"menu_order":0,"comment_status":"closed","ping_status":"closed","template":"","meta":{"_monsterinsights_skip_tracking":false,"_monsterinsights_sitenote_active":false,"_monsterinsights_sitenote_note":"","_monsterinsights_sitenote_category":0,"cybocfi_hide_featured_image":""},"post_mailing_queue_ids":[],"_links":{"self":[{"href":"https:\/\/pepason.fr\/index.php?rest_route=\/wp\/v2\/pages\/1595"}],"collection":[{"href":"https:\/\/pepason.fr\/index.php?rest_route=\/wp\/v2\/pages"}],"about":[{"href":"https:\/\/pepason.fr\/index.php?rest_route=\/wp\/v2\/types\/page"}],"author":[{"embeddable":true,"href":"https:\/\/pepason.fr\/index.php?rest_route=\/wp\/v2\/users\/1"}],"replies":[{"embeddable":true,"href":"https:\/\/pepason.fr\/index.php?rest_route=%2Fwp%2Fv2%2Fcomments&post=1595"}],"version-history":[{"count":13,"href":"https:\/\/pepason.fr\/index.php?rest_route=\/wp\/v2\/pages\/1595\/revisions"}],"predecessor-version":[{"id":1668,"href":"https:\/\/pepason.fr\/index.php?rest_route=\/wp\/v2\/pages\/1595\/revisions\/1668"}],"wp:attachment":[{"href":"https:\/\/pepason.fr\/index.php?rest_route=%2Fwp%2Fv2%2Fmedia&parent=1595"}],"curies":[{"name":"wp","href":"https:\/\/api.w.org\/{rel}","templated":true}]}}