{"id":1697,"date":"2021-10-23T14:02:13","date_gmt":"2021-10-23T12:02:13","guid":{"rendered":"http:\/\/pepason.fr\/?page_id=1697"},"modified":"2021-10-23T14:17:26","modified_gmt":"2021-10-23T12:17:26","slug":"explorer-reseau","status":"publish","type":"page","link":"https:\/\/pepason.fr\/?page_id=1697","title":{"rendered":"Explorer le r\u00e9seau"},"content":{"rendered":"\t\t<div data-elementor-type=\"wp-page\" data-elementor-id=\"1697\" class=\"elementor elementor-1697\">\n\t\t\t\t\t\t<div class=\"elementor-inner\">\n\t\t\t\t<div class=\"elementor-section-wrap\">\n\t\t\t\t\t\t\t\t\t<section class=\"elementor-section elementor-top-section elementor-element elementor-element-7b50c68 elementor-section-boxed elementor-section-height-default elementor-section-height-default\" data-id=\"7b50c68\" data-element_type=\"section\">\n\t\t\t\t\t\t<div class=\"elementor-container elementor-column-gap-default\">\n\t\t\t\t\t\t\t<div class=\"elementor-row\">\n\t\t\t\t\t<div class=\"elementor-column elementor-col-100 elementor-top-column elementor-element elementor-element-51f25f7\" data-id=\"51f25f7\" data-element_type=\"column\">\n\t\t\t<div class=\"elementor-column-wrap elementor-element-populated\">\n\t\t\t\t\t\t\t<div class=\"elementor-widget-wrap\">\n\t\t\t\t\t\t<div class=\"elementor-element elementor-element-13eade7 elementor-widget elementor-widget-heading\" data-id=\"13eade7\" data-element_type=\"widget\" data-widget_type=\"heading.default\">\n\t\t\t\t<div class=\"elementor-widget-container\">\n\t\t\t<h1 class=\"elementor-heading-title elementor-size-default\">Le r\u00e9seau PePaSon<\/h1>\t\t<\/div>\n\t\t\t\t<\/div>\n\t\t\t\t\t\t<\/div>\n\t\t\t\t\t<\/div>\n\t\t<\/div>\n\t\t\t\t\t\t\t\t<\/div>\n\t\t\t\t\t<\/div>\n\t\t<\/section>\n\t\t\t\t<section class=\"elementor-section elementor-top-section elementor-element elementor-element-73464dc elementor-section-boxed elementor-section-height-default elementor-section-height-default\" data-id=\"73464dc\" data-element_type=\"section\">\n\t\t\t\t\t\t<div class=\"elementor-container elementor-column-gap-default\">\n\t\t\t\t\t\t\t<div class=\"elementor-row\">\n\t\t\t\t\t<div class=\"elementor-column elementor-col-100 elementor-top-column elementor-element elementor-element-8d7c452\" data-id=\"8d7c452\" data-element_type=\"column\">\n\t\t\t<div class=\"elementor-column-wrap elementor-element-populated\">\n\t\t\t\t\t\t\t<div class=\"elementor-widget-wrap\">\n\t\t\t\t\t\t<div class=\"elementor-element elementor-element-b436f75 elementor-widget elementor-widget-text-editor\" data-id=\"b436f75\" data-element_type=\"widget\" data-widget_type=\"text-editor.default\">\n\t\t\t\t<div class=\"elementor-widget-container\">\n\t\t\t\t\t\t\t\t<div class=\"elementor-text-editor elementor-clearfix\">\n\t\t\t\t<iframe loading=\"lazy\" width=\"100%\" height=\"500px\" frameborder=\"0\" allowfullscreen src=\"\/\/umap.openstreetmap.fr\/fr\/map\/reseau-pepason_672179?scaleControl=false&#038;miniMap=false&#038;scrollWheelZoom=true&#038;zoomControl=true&#038;allowEdit=false&#038;moreControl=true&#038;searchControl=true&#038;tilelayersControl=null&#038;embedControl=true&#038;datalayersControl=expanded&#038;onLoadPanel=caption&#038;captionBar=true&#038;datalayers=1939462%2C1939463&#038;fullscreenControl=true&#038;locateControl=true\"><\/iframe><p><a href=\"\/\/umap.openstreetmap.fr\/fr\/map\/reseau-pepason_672179\">Voir en plein \u00e9cran<\/a><\/p>\t\t\t\t\t<\/div>\n\t\t\t\t\t\t<\/div>\n\t\t\t\t<\/div>\n\t\t\t\t\t\t<\/div>\n\t\t\t\t\t<\/div>\n\t\t<\/div>\n\t\t\t\t\t\t\t\t<\/div>\n\t\t\t\t\t<\/div>\n\t\t<\/section>\n\t\t\t\t<section class=\"elementor-section elementor-top-section elementor-element elementor-element-5cc3b3e elementor-section-boxed elementor-section-height-default elementor-section-height-default\" data-id=\"5cc3b3e\" data-element_type=\"section\">\n\t\t\t\t\t\t<div class=\"elementor-container elementor-column-gap-default\">\n\t\t\t\t\t\t\t<div class=\"elementor-row\">\n\t\t\t\t\t<div class=\"elementor-column elementor-col-100 elementor-top-column elementor-element elementor-element-5ccb783\" data-id=\"5ccb783\" data-element_type=\"column\">\n\t\t\t<div class=\"elementor-column-wrap elementor-element-populated\">\n\t\t\t\t\t\t\t<div class=\"elementor-widget-wrap\">\n\t\t\t\t\t\t<div class=\"elementor-element elementor-element-bd574a8 elementor-widget elementor-widget-heading\" data-id=\"bd574a8\" data-element_type=\"widget\" data-widget_type=\"heading.default\">\n\t\t\t\t<div class=\"elementor-widget-container\">\n\t\t\t<h3 class=\"elementor-heading-title elementor-size-default\">Les membres du r\u00e9seau<\/h3>\t\t<\/div>\n\t\t\t\t<\/div>\n\t\t\t\t<div class=\"elementor-element elementor-element-d6d18d6 elementor-widget elementor-widget-text-editor\" data-id=\"d6d18d6\" data-element_type=\"widget\" data-widget_type=\"text-editor.default\">\n\t\t\t\t<div class=\"elementor-widget-container\">\n\t\t\t\t\t\t\t\t<div class=\"elementor-text-editor elementor-clearfix\">\n\t\t\t\t<p><a name='dud-top-of-directory'><\/a><form id='dud_user_srch' method='post'>\n    \t<DIV id='user-srch' style='width:350px;'>\n          \t\t<input type='hidden' name='export_dir' id='export_dir' value='y'\/><input type='text' id='dud_user_srch_val' name='dud_user_srch_val' style='' value='' maxlength='50' placeholder='Display Name'\/>\n        \t\t<button type='submit' id='dud_user_srch_submit' name='dud_user_srch_submit' value=''>\n             \t\t\t<i class='fa fa-search fa-lg' aria-hidden='true'><\/i>\n        \t\t<\/button>\n     \t<\/DIV>\n<\/form><BR>\n\n<nav data-pagination style=\"font-size:14pxpx!important;padding-bottom:10px;padding-top:0px;\">\n<a  href=# disabled><i class=\"fa fa-chevron-left\"  aria-hidden=\"true\"><\/i><\/a>\n<ul>\n\t<li><strong><a  href=\"https:\/\/pepason.fr\/?page_id=1697&#038;dud_page_number_clicked=1\">1<\/strong><\/a>\n\t<li><strong><a   href=\"https:\/\/pepason.fr\/?page_id=1697&#038;dud_page_number_clicked=2\">2<\/strong><\/a>\n\t<li><strong><a   href=\"https:\/\/pepason.fr\/?page_id=1697&#038;dud_page_number_clicked=3\">3<\/strong><\/a>\n\t<li><strong><a   href=\"https:\/\/pepason.fr\/?page_id=1697&#038;dud_page_number_clicked=4\">4<\/strong><\/a>\n\t<li><strong><a   href=\"https:\/\/pepason.fr\/?page_id=1697&#038;dud_page_number_clicked=5\">5<\/strong><\/a>\n\t<li><strong><a   href=\"https:\/\/pepason.fr\/?page_id=1697&#038;dud_page_number_clicked=6\">6<\/strong><\/a>\n<\/ul>\n<a  href=\"https:\/\/pepason.fr\/?page_id=1697&#038;dud_right_arrow_clicked=2\"><i class=\"fa fa-chevron-right\" aria-hidden=\"true\"><\/i><\/a><div style='margin-top:10px;font-size:px;' class='dud_total_users'>1 &#8211; 5 of 30 total members<\/div>\n<\/nav>\n<DIV class=\"dir-listing\" style=\"min-height:96px;\">\n\t<DIV id='avatar-size' style='position: absolute; width: 96px;'><a href=\"https:\/\/pepason.fr?author_name=achernigina\" target='_blank'><img alt='' src='https:\/\/secure.gravatar.com\/avatar\/62f9326503bd918c46722586c465f4a3?s=96&#038;d=mm&#038;r=g' srcset='https:\/\/secure.gravatar.com\/avatar\/62f9326503bd918c46722586c465f4a3?s=96&#038;d=mm&#038;r=g 2x' class='avatar avatar-96 photo avatar-circle' height='96' width='96' loading='lazy'\/ style=\"height:96px;width:100%;\"><\/a><\/DIV>\n\t<DIV style='font-size:15px;padding-left: 120px;pointer-events:none;letter-spacing: 1px;' class='dir-listing-text'>\n\t\t\t<div style='pointer-events:all;' class='dud_field_name'><a href=\"https:\/\/pepason.fr?author_name=achernigina\" target='_blank'><b>achernigina<\/b><\/a><\/div>\n\t\t\t<div class='dud_field_city_st_zip'>Saint-Denis 93200<\/div>\n\t\t\t<div class='dud_field_country'>France<\/div>\n\t\t\t<div style='pointer-events:all;' class='dud_field_email'><strong>Mail<\/strong>  <a href=\"mailto:anastasya.cherni@yandex.ru\" target=\"_blank\">anastasya.cherni@yandex.ru<\/a><\/div>\n\t\t\t<div style='pointer-events:all;' class='dud_line_1'><span class='dud_label'><b>Infos<\/b><\/span>\n\t\t\t<span class='dud_field_1'>Linguiste et enseignante des langues \u00e9trang\u00e8res \u00e0 Moscou j\u2019ai continu\u00e9 mes \u00e9tudes \u00e0 l\u2019Universit\u00e9 de Franche-Comt\u00e9 o\u00f9 j\u2019\u00e9tais initi\u00e9e \u00e0 la pratique de la radio et la prise du son. Je l\u2019ai d\u00e9velopp\u00e9e en Master Sciences de l\u2019\u00e9ducation \u00e0 l\u2019Universit\u00e9 de Paris8 o\u00f9 j\u2019ai lanc\u00e9 ma recherche-action sur le dispositif des balades et cr\u00e9ations sonores en 2014. Ensuite j\u2019ai \u00e9labor\u00e9 et d\u00e9velopp\u00e9 l\u2019aspect p\u00e9dagogique de mon dispositif ensemble avec deux musicologues. Ma recherche existentielle sur le lien entre l\u2019humain et son environnement a transform\u00e9 en recherche doctorale en Sciences de l\u2019\u00e9ducation avec la codirection en musicologie \u00e0 partir de 2016. Depuis je travaille comme enseignante de cette pratique avec les adolescents dans les structures et locations diff\u00e9rentes.<\/span><br>\n<\/div>\t<\/DIV>\n<\/DIV>\n<DIV style=\"width:60%;border-style:solid;border-width:1px;border-color:#D3D3D3;\" class=\"dir-listing-border-2\" ><\/DIV>\n<DIV style=\"height:15px;\"><\/DIV>\n<DIV class=\"dir-listing\" style=\"min-height:96px;\">\n\t<DIV id='avatar-size' style='position: absolute; width: 96px;'><a href=\"https:\/\/pepason.fr?author_name=acrogam\" target='_blank'><img alt='' src='https:\/\/secure.gravatar.com\/avatar\/1016b49fb87a5641269fd5cd4e9315db?s=96&#038;d=mm&#038;r=g' srcset='https:\/\/secure.gravatar.com\/avatar\/1016b49fb87a5641269fd5cd4e9315db?s=96&#038;d=mm&#038;r=g 2x' class='avatar avatar-96 photo avatar-circle' height='96' width='96' loading='lazy'\/ style=\"height:96px;width:100%;\"><\/a><\/DIV>\n\t<DIV style='font-size:15px;padding-left: 120px;pointer-events:none;letter-spacing: 1px;' class='dir-listing-text'>\n\t\t\t<div style='pointer-events:all;' class='dud_field_name'><a href=\"https:\/\/pepason.fr?author_name=acrogam\" target='_blank'><b>Acrogam<\/b><\/a><\/div>\n\t\t\t<div class='dud_field_city_st_zip'>Lorient 56100<\/div>\n\t\t\t<div class='dud_field_country'>France<\/div>\n\t\t\t<div style='pointer-events:all;' class='dud_field_email'><strong><strong>Mail<\/strong> <\/strong>  <a href=\"mailto:rbrunidachon@gmail.com\" target=\"_blank\">rbrunidachon@gmail.com<\/a><\/div>\n\t<\/DIV>\n<\/DIV>\n<DIV style=\"width:60%;border-style:solid;border-width:1px;border-color:#D3D3D3;\" class=\"dir-listing-border-2\" ><\/DIV>\n<DIV style=\"height:15px;\"><\/DIV>\n<DIV class=\"dir-listing\" style=\"min-height:96px;\">\n\t<DIV id='avatar-size' style='position: absolute; width: 96px;'><a href=\"https:\/\/pepason.fr?author_name=adeledebaudouin\" target='_blank'><img alt='' src='https:\/\/secure.gravatar.com\/avatar\/81737f4b6b1fede7b34e2ef751234e25?s=96&#038;d=mm&#038;r=g' srcset='https:\/\/secure.gravatar.com\/avatar\/81737f4b6b1fede7b34e2ef751234e25?s=96&#038;d=mm&#038;r=g 2x' class='avatar avatar-96 photo avatar-circle' height='96' width='96' loading='lazy'\/ style=\"height:96px;width:100%;\"><\/a><\/DIV>\n\t<DIV style='font-size:15px;padding-left: 120px;pointer-events:none;letter-spacing: 1px;' class='dir-listing-text'>\n\t\t\t<div style='pointer-events:all;' class='dud_field_name'><a href=\"https:\/\/pepason.fr?author_name=adeledebaudouin\" target='_blank'><b>Ad\u00e8le De Baudouin<\/b><\/a><\/div>\n\t\t\t<div style='pointer-events:all;' class='dud_field_email'><strong><strong><strong>Mail<\/strong> <\/strong> <\/strong>  <a href=\"mailto:adele.debaudouin@outlook.fr\" target=\"_blank\">adele.debaudouin@outlook.fr<\/a><\/div>\n\t<\/DIV>\n<\/DIV>\n<DIV style=\"width:60%;border-style:solid;border-width:1px;border-color:#D3D3D3;\" class=\"dir-listing-border-2\" ><\/DIV>\n<DIV style=\"height:15px;\"><\/DIV>\n<DIV class=\"dir-listing\" style=\"min-height:96px;\">\n\t<DIV id='avatar-size' style='position: absolute; width: 96px;'><a href=\"https:\/\/pepason.fr?author_name=alessandro-de-cecco\" target='_blank'><img alt='' src='https:\/\/secure.gravatar.com\/avatar\/c42909c53a3f6900d31dc6ed310a77a1?s=96&#038;d=mm&#038;r=g' srcset='https:\/\/secure.gravatar.com\/avatar\/c42909c53a3f6900d31dc6ed310a77a1?s=96&#038;d=mm&#038;r=g 2x' class='avatar avatar-96 photo avatar-circle' height='96' width='96' loading='lazy'\/ style=\"height:96px;width:100%;\"><\/a><\/DIV>\n\t<DIV style='font-size:15px;padding-left: 120px;pointer-events:none;letter-spacing: 1px;' class='dir-listing-text'>\n\t\t\t<div style='pointer-events:all;' class='dud_field_name'><a href=\"https:\/\/pepason.fr?author_name=alessandro-de-cecco\" target='_blank'><b>Alessandro De Cecco<\/b><\/a><\/div>\n\t\t\t<div class='dud_field_city_st_zip'>Grenoble 38000<\/div>\n\t\t\t<div class='dud_field_country'>France<\/div>\n\t\t\t<div style='pointer-events:all;' class='dud_field_email'><strong><strong><strong><strong>Mail<\/strong> <\/strong> <\/strong> <\/strong>  <a href=\"mailto:alessandro.dececco.music@gmail.com\" target=\"_blank\">alessandro.dececco.music@gmail.com<\/a><\/div>\n\t\t\t<div style='pointer-events:all;' class='dud_field_website'><strong>Website<\/strong> <a href=\"http:\/\/adececco.wordpress.com\">http:\/\/adececco.wordpress.com<\/a><\/div>\n\t\t\t<div style='pointer-events:all;' class='dud_line_1'><span class='dud_label'><b>Infos<\/b><\/span>\n\t\t\t<span class='dud_field_1'>Alessandro De Cecco est violoncelliste, improvisateur, artiste sonore et concepteur en traitement du signal. Apr\u00e8s une formation musicale classique, il aborde le champ des musiques de cr\u00e9ation, par la musique improvis\u00e9e et la musique \u00e9lectroacoustique notamment. Il est actif sur la sc\u00e8ne de musique exp\u00e9rimentale depuis 2016, au sein du 102 rue d\u2019Alembert (Grenoble), ainsi que de l\u2019association APN\u00c9ES, qu\u2019il a cofond\u00e9e en 2019.\r\nGr\u00e2ce \u00e0 son expertise en traitement du signal et technologies audio, il explore, par le biais des instruments augment\u00e9s, les interactions entre geste instrumental, \u00e9criture \u00e9lectroacoustique et environnements multiphoniques. Son travail de cr\u00e9ation se focalise actuellement sur des formes mixtes et spatialis\u00e9es, entre performance site-specific et installation sonore. Il se nourrit amplement des questionnements sur l\u2019espace, le paysage sonore et des techniques de field recording pour la cr\u00e9ation d\u2019\u00ab \u00e9cosyst\u00e8mes sonores \u00bb inexplor\u00e9s.\r\nIl est l\u2019initiateur du festival \u00ab PAYSAGES | COMPOS\u00c9S \u2013 \u00c9cologie sonore \u00b7 Musiques de recherche \u00bb, temps fort art-science agissant croisement des disciplines et des pratiques, entre exp\u00e9rimentations sonores et exp\u00e9riences d\u2019\u00e9coute du milieu.<\/span><br>\n<\/div>\t<\/DIV>\n<\/DIV>\n<DIV style=\"width:60%;border-style:solid;border-width:1px;border-color:#D3D3D3;\" class=\"dir-listing-border-2\" ><\/DIV>\n<DIV style=\"height:15px;\"><\/DIV>\n<DIV class=\"dir-listing\" style=\"min-height:96px;\">\n\t<DIV id='avatar-size' style='position: absolute; width: 96px;'><a href=\"https:\/\/pepason.fr?author_name=alicegrim\" target='_blank'><img alt='' src='https:\/\/secure.gravatar.com\/avatar\/6eae77247b58de8dc0f7e216d94c5e25?s=96&#038;d=mm&#038;r=g' srcset='https:\/\/secure.gravatar.com\/avatar\/6eae77247b58de8dc0f7e216d94c5e25?s=96&#038;d=mm&#038;r=g 2x' class='avatar avatar-96 photo avatar-circle' height='96' width='96' loading='lazy'\/ style=\"height:96px;width:100%;\"><\/a><\/DIV>\n\t<DIV style='font-size:15px;padding-left: 120px;pointer-events:none;letter-spacing: 1px;' class='dir-listing-text'>\n\t\t\t<div style='pointer-events:all;' class='dud_field_name'><a href=\"https:\/\/pepason.fr?author_name=alicegrim\" target='_blank'><b>alicegrim<\/b><\/a><\/div>\n\t\t\t<div class='dud_field_addr1'>fle.soignies@gmail.com<\/div>\n\t\t\t<div class='dud_field_city_st_zip'>Soignies 7060<\/div>\n\t\t\t<div class='dud_field_country'>Belgique<\/div>\n\t\t\t<div style='pointer-events:all;' class='dud_field_email'><strong><strong><strong><strong><strong>Mail<\/strong> <\/strong> <\/strong> <\/strong> <\/strong>  <a href=\"mailto:alicegrimonprez@yahoo.es\" target=\"_blank\">alicegrimonprez@yahoo.es<\/a><\/div>\n\t\t\t<div style='pointer-events:all;' class='dud_line_1'><span class='dud_label'><b>T\u00e9l\u00e9phone<\/b><\/span>\n\t\t\t<span class='dud_field_1'>+32496548787<\/span><br>\n<\/div>\t\t\t<div style='pointer-events:all;' class='dud_line_2'><span class='dud_label'><b>Infos<\/b><\/span>\n\t\t\t<span class='dud_field_2'>P\u00e9dagogue, sensible au son, \u00e0 la transmission en g\u00e9n\u00e9ral, qui aime le partage et le collectif. Un ami enregistrait des sons pour sa grand-m\u00e8re aveugle, dans une ville o\u00f9 nous habitions \u00e0 l&#8217;\u00e9tranger, il m&#8217;a ouvert l&#8217;univers de la vigilance au paysage sonore. Puis envie de partager des exp\u00e9riences de vie en pensant que le meilleur moyen serait le podcast et participation \u00e0 un atelier podcast \u00e0 l&#8217;akdt (un must dans notre petit pays ; ) avec Christine Van Acker et N\u00e9mo Camus comme &#8220;profs&#8221;. Mais aucune formation technique, juste l&#8217;envie de lancer un projet paysage sonore dans ma ville avec &#8220;mes&#8221; apprenants en FLE (fran\u00e7ais langue \u00e9trang\u00e8re) et quelques jeunes de la MJ&#8230; on verra !<\/span><br>\n<\/div>\t<\/DIV>\n<\/DIV>\n<\/p>\t\t\t\t\t<\/div>\n\t\t\t\t\t\t<\/div>\n\t\t\t\t<\/div>\n\t\t\t\t\t\t<\/div>\n\t\t\t\t\t<\/div>\n\t\t<\/div>\n\t\t\t\t\t\t\t\t<\/div>\n\t\t\t\t\t<\/div>\n\t\t<\/section>\n\t\t\t\t\t\t\t\t\t<\/div>\n\t\t\t<\/div>\n\t\t\t\t\t<\/div>\n\t\t","protected":false},"excerpt":{"rendered":"<p>Le r\u00e9seau PePaSon Voir en plein \u00e9cran Les membres du r\u00e9seau<\/p>\n","protected":false},"author":1,"featured_media":0,"parent":1177,"menu_order":0,"comment_status":"closed","ping_status":"closed","template":"","meta":{"_monsterinsights_skip_tracking":false,"_monsterinsights_sitenote_active":false,"_monsterinsights_sitenote_note":"","_monsterinsights_sitenote_category":0,"cybocfi_hide_featured_image":""},"post_mailing_queue_ids":[],"_links":{"self":[{"href":"https:\/\/pepason.fr\/index.php?rest_route=\/wp\/v2\/pages\/1697"}],"collection":[{"href":"https:\/\/pepason.fr\/index.php?rest_route=\/wp\/v2\/pages"}],"about":[{"href":"https:\/\/pepason.fr\/index.php?rest_route=\/wp\/v2\/types\/page"}],"author":[{"embeddable":true,"href":"https:\/\/pepason.fr\/index.php?rest_route=\/wp\/v2\/users\/1"}],"replies":[{"embeddable":true,"href":"https:\/\/pepason.fr\/index.php?rest_route=%2Fwp%2Fv2%2Fcomments&post=1697"}],"version-history":[{"count":1,"href":"https:\/\/pepason.fr\/index.php?rest_route=\/wp\/v2\/pages\/1697\/revisions"}],"predecessor-version":[{"id":1698,"href":"https:\/\/pepason.fr\/index.php?rest_route=\/wp\/v2\/pages\/1697\/revisions\/1698"}],"up":[{"embeddable":true,"href":"https:\/\/pepason.fr\/index.php?rest_route=\/wp\/v2\/pages\/1177"}],"wp:attachment":[{"href":"https:\/\/pepason.fr\/index.php?rest_route=%2Fwp%2Fv2%2Fmedia&parent=1697"}],"curies":[{"name":"wp","href":"https:\/\/api.w.org\/{rel}","templated":true}]}}