{"id":31,"date":"2020-08-11T14:39:18","date_gmt":"2020-08-11T12:39:18","guid":{"rendered":"http:\/\/pepason.fr\/?page_id=31"},"modified":"2023-03-31T19:55:30","modified_gmt":"2023-03-31T17:55:30","slug":"le-collectif","status":"publish","type":"page","link":"https:\/\/pepason.fr\/?page_id=31","title":{"rendered":"Le collectif"},"content":{"rendered":"\t\t<div data-elementor-type=\"wp-page\" data-elementor-id=\"31\" class=\"elementor elementor-31\">\n\t\t\t\t\t\t<div class=\"elementor-inner\">\n\t\t\t\t<div class=\"elementor-section-wrap\">\n\t\t\t\t\t\t\t\t\t<section class=\"elementor-section elementor-top-section elementor-element elementor-element-edc353e elementor-section-boxed elementor-section-height-default elementor-section-height-default\" data-id=\"edc353e\" data-element_type=\"section\">\n\t\t\t\t\t\t<div class=\"elementor-container elementor-column-gap-default\">\n\t\t\t\t\t\t\t<div class=\"elementor-row\">\n\t\t\t\t\t<div class=\"elementor-column elementor-col-100 elementor-top-column elementor-element elementor-element-11947d7\" data-id=\"11947d7\" data-element_type=\"column\">\n\t\t\t<div class=\"elementor-column-wrap elementor-element-populated\">\n\t\t\t\t\t\t\t<div class=\"elementor-widget-wrap\">\n\t\t\t\t\t\t<div class=\"elementor-element elementor-element-d9000e4 elementor-widget elementor-widget-text-editor\" data-id=\"d9000e4\" data-element_type=\"widget\" data-widget_type=\"text-editor.default\">\n\t\t\t\t<div class=\"elementor-widget-container\">\n\t\t\t\t\t\t\t\t<div class=\"elementor-text-editor elementor-clearfix\">\n\t\t\t\t<p><strong>L&#8217;association PePaSon<\/strong> (acronyme pour &#8220;P\u00e9dagogies des Paysages Sonores&#8221;) est n\u00e9e en juin 2020 avec la volont\u00e9 de f\u00e9d\u00e9rer un r\u00e9seau ouvert et international francophone de <strong>partage de pratiques<\/strong> en p\u00e9dagogies des paysages sonores et m\u00e9diations de l&#8217;\u00e9coute.\u00a0<\/p><p>Nos valeurs ancr\u00e9es dans celles de l&#8217;\u00e9ducation populaire et de l&#8217;art comme exp\u00e9rience pr\u00f4ne la libre circulation des connaissances et des ressources, le d\u00e9veloppement de savoirs situ\u00e9s et en-acte, l&#8217;am\u00e9nagement d&#8217;espace de rencontre et de cr\u00e9ation collaboratifs et d\u00e9mocratiques.\u00a0<\/p><p>Pour ce faire :\u00a0<\/p><ul><li>Nous tenons <strong>des rendez-vous en ligne mensuels<\/strong> (AGM) informels afin de se rencontrer, cr\u00e9er du lien, d&#8217;\u00e9changer des informations.<br \/><br \/><\/li><li>Nous d\u00e9veloppons une <strong><a href=\"http:\/\/pepason.fr\/?page_id=257\">m\u00e9diath\u00e8que libre et ouverte en ligne<\/a> <\/strong>autour des paysages sonores et des m\u00e9diations de l&#8217;\u00e9coute.<br \/><br \/><\/li><li>Nous d\u00e9veloppons <a href=\"http:\/\/pepason.fr\/?page_id=1718\"><strong>un journal en ligne de partage de pratiques<\/strong><\/a> (textuel, audio, vid\u00e9o&#8230;) permettant de s&#8217;adapter et diffuser les actions de toutes et tous, quel qu&#8217;en soit l&#8217;\u00e9chelle ou l&#8217;aboutissement.\u00a0<br \/><br \/><\/li><li>Nous organisons chaque ann\u00e9e une s\u00e9rie d&#8217;\u00e9v\u00e8nement dans le cadre de la Semaine du Son de l&#8217;UNESCO et tout particuli\u00e8rement <strong><a href=\"http:\/\/pepason.fr\/?page_id=1916\">le Forum des Paysagistes Sonores<\/a> <\/strong>comme moment unique d&#8217;exposition, conf\u00e9rences, \u00e9coutes, performances&#8230; d\u00e9di\u00e9es aux formes de m\u00e9diations.\u00a0\u00a0<br \/><br \/><\/li><li>Nous organisons <a href=\"http:\/\/pepason.fr\/?page_id=2882\"><strong>une tourn\u00e9e de balade sonore<\/strong><\/a>, manifestation itin\u00e9rante \u00e0 travers la France et l&#8217;Europe qui propose de faire se rencontrer les pratiques d&#8217;artistes, chercheureuses et militant-e-s \u00e0 destination premi\u00e8re des acteurices locales.\u00a0\u00a0<\/li><\/ul>\t\t\t\t\t<\/div>\n\t\t\t\t\t\t<\/div>\n\t\t\t\t<\/div>\n\t\t\t\t\t\t<\/div>\n\t\t\t\t\t<\/div>\n\t\t<\/div>\n\t\t\t\t\t\t\t\t<\/div>\n\t\t\t\t\t<\/div>\n\t\t<\/section>\n\t\t\t\t\t\t\t\t\t<\/div>\n\t\t\t<\/div>\n\t\t\t\t\t<\/div>\n\t\t","protected":false},"excerpt":{"rendered":"<p>L&#8217;association PePaSon (acronyme pour &#8220;P\u00e9dagogies des Paysages Sonores&#8221;) est n\u00e9e en juin 2020 avec la volont\u00e9 de f\u00e9d\u00e9rer un r\u00e9seau ouvert et international francophone de partage de pratiques en p\u00e9dagogies des paysages sonores et m\u00e9diations de l&#8217;\u00e9coute.\u00a0 Nos valeurs ancr\u00e9es dans celles de l&#8217;\u00e9ducation populaire et de l&#8217;art comme exp\u00e9rience pr\u00f4ne la libre circulation des [&hellip;]<\/p>\n","protected":false},"author":1,"featured_media":0,"parent":0,"menu_order":0,"comment_status":"closed","ping_status":"closed","template":"","meta":{"_monsterinsights_skip_tracking":false,"_monsterinsights_sitenote_active":false,"_monsterinsights_sitenote_note":"","_monsterinsights_sitenote_category":0,"cybocfi_hide_featured_image":""},"post_mailing_queue_ids":[],"_links":{"self":[{"href":"https:\/\/pepason.fr\/index.php?rest_route=\/wp\/v2\/pages\/31"}],"collection":[{"href":"https:\/\/pepason.fr\/index.php?rest_route=\/wp\/v2\/pages"}],"about":[{"href":"https:\/\/pepason.fr\/index.php?rest_route=\/wp\/v2\/types\/page"}],"author":[{"embeddable":true,"href":"https:\/\/pepason.fr\/index.php?rest_route=\/wp\/v2\/users\/1"}],"replies":[{"embeddable":true,"href":"https:\/\/pepason.fr\/index.php?rest_route=%2Fwp%2Fv2%2Fcomments&post=31"}],"version-history":[{"count":100,"href":"https:\/\/pepason.fr\/index.php?rest_route=\/wp\/v2\/pages\/31\/revisions"}],"predecessor-version":[{"id":3750,"href":"https:\/\/pepason.fr\/index.php?rest_route=\/wp\/v2\/pages\/31\/revisions\/3750"}],"wp:attachment":[{"href":"https:\/\/pepason.fr\/index.php?rest_route=%2Fwp%2Fv2%2Fmedia&parent=31"}],"curies":[{"name":"wp","href":"https:\/\/api.w.org\/{rel}","templated":true}]}}