{"id":4306,"date":"2023-08-05T16:44:20","date_gmt":"2023-08-05T14:44:20","guid":{"rendered":"http:\/\/pepason.fr\/?page_id=4306"},"modified":"2023-08-13T15:06:28","modified_gmt":"2023-08-13T13:06:28","slug":"editions-pepason","status":"publish","type":"page","link":"https:\/\/pepason.fr\/?page_id=4306","title":{"rendered":"Editions PePaSon"},"content":{"rendered":"\t\t<div data-elementor-type=\"wp-page\" data-elementor-id=\"4306\" class=\"elementor elementor-4306\">\n\t\t\t\t\t\t<div class=\"elementor-inner\">\n\t\t\t\t<div class=\"elementor-section-wrap\">\n\t\t\t\t\t\t\t\t\t<section class=\"elementor-section elementor-top-section elementor-element elementor-element-f5d4a19 elementor-section-boxed elementor-section-height-default elementor-section-height-default\" data-id=\"f5d4a19\" data-element_type=\"section\">\n\t\t\t\t\t\t<div class=\"elementor-container elementor-column-gap-default\">\n\t\t\t\t\t\t\t<div class=\"elementor-row\">\n\t\t\t\t\t<div class=\"elementor-column elementor-col-100 elementor-top-column elementor-element elementor-element-f92906b\" data-id=\"f92906b\" data-element_type=\"column\">\n\t\t\t<div class=\"elementor-column-wrap elementor-element-populated\">\n\t\t\t\t\t\t\t<div class=\"elementor-widget-wrap\">\n\t\t\t\t\t\t<div class=\"elementor-element elementor-element-e5e1a1d elementor-widget elementor-widget-heading\" data-id=\"e5e1a1d\" data-element_type=\"widget\" data-widget_type=\"heading.default\">\n\t\t\t\t<div class=\"elementor-widget-container\">\n\t\t\t<h1 class=\"elementor-heading-title elementor-size-default\">Editions PePaSon<\/h1>\t\t<\/div>\n\t\t\t\t<\/div>\n\t\t\t\t<div class=\"elementor-element elementor-element-60a043f elementor-widget elementor-widget-text-editor\" data-id=\"60a043f\" data-element_type=\"widget\" data-widget_type=\"text-editor.default\">\n\t\t\t\t<div class=\"elementor-widget-container\">\n\t\t\t\t\t\t\t\t<div class=\"elementor-text-editor elementor-clearfix\">\n\t\t\t\t<p>Le collectif souhaite cr\u00e9er une plateforme autog\u00e9r\u00e9e d&#8217;\u00e9dition et diffusion de cr\u00e9ations li\u00e9es \u00e0 l&#8217;\u00e9coute et aux paysages sonores : pi\u00e8ces sonores, marches-\u00e9coutes, cartes audio, textes, installations et formes architecturales&#8230;<\/p>\n<p>Ci-dessous vous trouverez les productions \u00e9dit\u00e9es en partenariat avec l&#8217;association (plus g\u00e9n\u00e9ralement accessibles dans la m\u00e9diath\u00e8que dans la cat\u00e9gories &#8220;Editions PePaSon&#8221;).&nbsp;&nbsp;<\/p>[<i>Page en construction<\/i>]\t\t\t\t\t<\/div>\n\t\t\t\t\t\t<\/div>\n\t\t\t\t<\/div>\n\t\t\t\t\t\t<\/div>\n\t\t\t\t\t<\/div>\n\t\t<\/div>\n\t\t\t\t\t\t\t\t<\/div>\n\t\t\t\t\t<\/div>\n\t\t<\/section>\n\t\t\t\t<section class=\"elementor-section elementor-top-section elementor-element elementor-element-cf06452 elementor-section-boxed elementor-section-height-default elementor-section-height-default\" data-id=\"cf06452\" data-element_type=\"section\">\n\t\t\t\t\t\t<div class=\"elementor-container elementor-column-gap-default\">\n\t\t\t\t\t\t\t<div class=\"elementor-row\">\n\t\t\t\t\t<div class=\"elementor-column elementor-col-100 elementor-top-column elementor-element elementor-element-e38bdfa\" data-id=\"e38bdfa\" data-element_type=\"column\">\n\t\t\t<div class=\"elementor-column-wrap elementor-element-populated\">\n\t\t\t\t\t\t\t<div class=\"elementor-widget-wrap\">\n\t\t\t\t\t\t<div class=\"elementor-element elementor-element-5a0accb elementor-widget elementor-widget-heading\" data-id=\"5a0accb\" data-element_type=\"widget\" data-widget_type=\"heading.default\">\n\t\t\t\t<div class=\"elementor-widget-container\">\n\t\t\t<h4 class=\"elementor-heading-title elementor-size-default\">Pi\u00e8ces sonores<\/h4>\t\t<\/div>\n\t\t\t\t<\/div>\n\t\t\t\t<div class=\"elementor-element elementor-element-7725f17 elementor-grid-6 elementor-grid-tablet-2 elementor-grid-mobile-1 elementor-posts--thumbnail-top elementor-widget elementor-widget-posts\" data-id=\"7725f17\" data-element_type=\"widget\" data-settings=\"{&quot;classic_columns&quot;:&quot;6&quot;,&quot;classic_masonry&quot;:&quot;yes&quot;,&quot;pagination_type&quot;:&quot;numbers_and_prev_next&quot;,&quot;classic_columns_tablet&quot;:&quot;2&quot;,&quot;classic_columns_mobile&quot;:&quot;1&quot;,&quot;classic_row_gap&quot;:{&quot;unit&quot;:&quot;px&quot;,&quot;size&quot;:35,&quot;sizes&quot;:[]},&quot;classic_row_gap_tablet&quot;:{&quot;unit&quot;:&quot;px&quot;,&quot;size&quot;:&quot;&quot;,&quot;sizes&quot;:[]},&quot;classic_row_gap_mobile&quot;:{&quot;unit&quot;:&quot;px&quot;,&quot;size&quot;:&quot;&quot;,&quot;sizes&quot;:[]}}\" data-widget_type=\"posts.classic\">\n\t\t\t\t<div class=\"elementor-widget-container\">\n\t\t\t\t\t<div class=\"elementor-posts-container elementor-posts elementor-posts--skin-classic elementor-grid\">\n\t\t\t\t<article class=\"elementor-post elementor-grid-item post-4451 wpdmpro type-wpdmpro status-publish has-post-thumbnail hentry wpdmcategory-editions-pepason wpdmcategory-pieces-sonores\">\n\t\t\t\t<a class=\"elementor-post__thumbnail__link\" href=\"https:\/\/pepason.fr\/?wpdmpro=barbecue\" >\n\t\t\t<div class=\"elementor-post__thumbnail\"><img width=\"300\" height=\"300\" src=\"https:\/\/pepason.fr\/wp-content\/uploads\/2023\/08\/Barbecue_piecesonore-300x300.jpg\" class=\"attachment-medium size-medium\" alt=\"\" loading=\"lazy\" \/><\/div>\n\t\t<\/a>\n\t\t\t\t<div class=\"elementor-post__text\">\n\t\t\t\t<h3 class=\"elementor-post__title\">\n\t\t\t<a href=\"https:\/\/pepason.fr\/?wpdmpro=barbecue\" >\n\t\t\t\tBarbecue\t\t\t<\/a>\n\t\t<\/h3>\n\t\t\t\t<div class=\"elementor-post__meta-data\">\n\t\t\t\t\t<span class=\"elementor-post-date\">\n\t\t\t13 ao\u00fbt 2023\t\t<\/span>\n\t\t\t\t<\/div>\n\t\t\n\t\t<a class=\"elementor-post__read-more\" href=\"https:\/\/pepason.fr\/?wpdmpro=barbecue\" >\n\t\t\tD\u00e9couvrir \u00bb\t\t<\/a>\n\n\t\t\t\t<\/div>\n\t\t\t\t<\/article>\n\t\t\t\t<article class=\"elementor-post elementor-grid-item post-4445 wpdmpro type-wpdmpro status-publish has-post-thumbnail hentry wpdmcategory-editions-pepason wpdmcategory-pieces-sonores\">\n\t\t\t\t<a class=\"elementor-post__thumbnail__link\" href=\"https:\/\/pepason.fr\/?wpdmpro=entre-nous\" >\n\t\t\t<div class=\"elementor-post__thumbnail\"><img width=\"300\" height=\"276\" src=\"https:\/\/pepason.fr\/wp-content\/uploads\/2023\/08\/Entre-nous-300x276.jpg\" class=\"attachment-medium size-medium\" alt=\"\" loading=\"lazy\" \/><\/div>\n\t\t<\/a>\n\t\t\t\t<div class=\"elementor-post__text\">\n\t\t\t\t<h3 class=\"elementor-post__title\">\n\t\t\t<a href=\"https:\/\/pepason.fr\/?wpdmpro=entre-nous\" >\n\t\t\t\tEntre Nous\t\t\t<\/a>\n\t\t<\/h3>\n\t\t\t\t<div class=\"elementor-post__meta-data\">\n\t\t\t\t\t<span class=\"elementor-post-date\">\n\t\t\t13 ao\u00fbt 2023\t\t<\/span>\n\t\t\t\t<\/div>\n\t\t\n\t\t<a class=\"elementor-post__read-more\" href=\"https:\/\/pepason.fr\/?wpdmpro=entre-nous\" >\n\t\t\tD\u00e9couvrir \u00bb\t\t<\/a>\n\n\t\t\t\t<\/div>\n\t\t\t\t<\/article>\n\t\t\t\t<article class=\"elementor-post elementor-grid-item post-4436 wpdmpro type-wpdmpro status-publish has-post-thumbnail hentry wpdmcategory-editions-pepason wpdmcategory-pieces-sonores\">\n\t\t\t\t<a class=\"elementor-post__thumbnail__link\" href=\"https:\/\/pepason.fr\/?wpdmpro=dans-la-rue\" >\n\t\t\t<div class=\"elementor-post__thumbnail\"><img width=\"300\" height=\"300\" src=\"https:\/\/pepason.fr\/wp-content\/uploads\/2023\/08\/Photos_DansLaRue-1-300x300.jpeg\" class=\"attachment-medium size-medium\" alt=\"\" loading=\"lazy\" \/><\/div>\n\t\t<\/a>\n\t\t\t\t<div class=\"elementor-post__text\">\n\t\t\t\t<h3 class=\"elementor-post__title\">\n\t\t\t<a href=\"https:\/\/pepason.fr\/?wpdmpro=dans-la-rue\" >\n\t\t\t\tDans la Rue\t\t\t<\/a>\n\t\t<\/h3>\n\t\t\t\t<div class=\"elementor-post__meta-data\">\n\t\t\t\t\t<span class=\"elementor-post-date\">\n\t\t\t13 ao\u00fbt 2023\t\t<\/span>\n\t\t\t\t<\/div>\n\t\t\n\t\t<a class=\"elementor-post__read-more\" href=\"https:\/\/pepason.fr\/?wpdmpro=dans-la-rue\" >\n\t\t\tD\u00e9couvrir \u00bb\t\t<\/a>\n\n\t\t\t\t<\/div>\n\t\t\t\t<\/article>\n\t\t\t\t<\/div>\n\n\n\t\t\n\t\t\t\t<\/div>\n\t\t\t\t<\/div>\n\t\t\t\t<div class=\"elementor-element elementor-element-10293ca elementor-widget elementor-widget-heading\" data-id=\"10293ca\" data-element_type=\"widget\" data-widget_type=\"heading.default\">\n\t\t\t\t<div class=\"elementor-widget-container\">\n\t\t\t<h4 class=\"elementor-heading-title elementor-size-default\">Toutes les \u00e9ditions<\/h4>\t\t<\/div>\n\t\t\t\t<\/div>\n\t\t\t\t<div class=\"elementor-element elementor-element-1df4392 elementor-grid-6 elementor-grid-tablet-2 elementor-grid-mobile-1 elementor-posts--thumbnail-top elementor-widget elementor-widget-posts\" data-id=\"1df4392\" data-element_type=\"widget\" data-settings=\"{&quot;classic_columns&quot;:&quot;6&quot;,&quot;classic_masonry&quot;:&quot;yes&quot;,&quot;pagination_type&quot;:&quot;numbers_and_prev_next&quot;,&quot;classic_columns_tablet&quot;:&quot;2&quot;,&quot;classic_columns_mobile&quot;:&quot;1&quot;,&quot;classic_row_gap&quot;:{&quot;unit&quot;:&quot;px&quot;,&quot;size&quot;:35,&quot;sizes&quot;:[]},&quot;classic_row_gap_tablet&quot;:{&quot;unit&quot;:&quot;px&quot;,&quot;size&quot;:&quot;&quot;,&quot;sizes&quot;:[]},&quot;classic_row_gap_mobile&quot;:{&quot;unit&quot;:&quot;px&quot;,&quot;size&quot;:&quot;&quot;,&quot;sizes&quot;:[]}}\" data-widget_type=\"posts.classic\">\n\t\t\t\t<div class=\"elementor-widget-container\">\n\t\t\t\t\t<div class=\"elementor-posts-container elementor-posts elementor-posts--skin-classic elementor-grid\">\n\t\t\t\t<article class=\"elementor-post elementor-grid-item post-4451 wpdmpro type-wpdmpro status-publish has-post-thumbnail hentry wpdmcategory-editions-pepason wpdmcategory-pieces-sonores\">\n\t\t\t\t<a class=\"elementor-post__thumbnail__link\" href=\"https:\/\/pepason.fr\/?wpdmpro=barbecue\" >\n\t\t\t<div class=\"elementor-post__thumbnail\"><img width=\"300\" height=\"300\" src=\"https:\/\/pepason.fr\/wp-content\/uploads\/2023\/08\/Barbecue_piecesonore-300x300.jpg\" class=\"attachment-medium size-medium\" alt=\"\" loading=\"lazy\" \/><\/div>\n\t\t<\/a>\n\t\t\t\t<div class=\"elementor-post__text\">\n\t\t\t\t<h3 class=\"elementor-post__title\">\n\t\t\t<a href=\"https:\/\/pepason.fr\/?wpdmpro=barbecue\" >\n\t\t\t\tBarbecue\t\t\t<\/a>\n\t\t<\/h3>\n\t\t\t\t<div class=\"elementor-post__meta-data\">\n\t\t\t\t\t<span class=\"elementor-post-date\">\n\t\t\t13 ao\u00fbt 2023\t\t<\/span>\n\t\t\t\t<\/div>\n\t\t\n\t\t<a class=\"elementor-post__read-more\" href=\"https:\/\/pepason.fr\/?wpdmpro=barbecue\" >\n\t\t\tD\u00e9couvrir \u00bb\t\t<\/a>\n\n\t\t\t\t<\/div>\n\t\t\t\t<\/article>\n\t\t\t\t<article class=\"elementor-post elementor-grid-item post-4445 wpdmpro type-wpdmpro status-publish has-post-thumbnail hentry wpdmcategory-editions-pepason wpdmcategory-pieces-sonores\">\n\t\t\t\t<a class=\"elementor-post__thumbnail__link\" href=\"https:\/\/pepason.fr\/?wpdmpro=entre-nous\" >\n\t\t\t<div class=\"elementor-post__thumbnail\"><img width=\"300\" height=\"276\" src=\"https:\/\/pepason.fr\/wp-content\/uploads\/2023\/08\/Entre-nous-300x276.jpg\" class=\"attachment-medium size-medium\" alt=\"\" loading=\"lazy\" \/><\/div>\n\t\t<\/a>\n\t\t\t\t<div class=\"elementor-post__text\">\n\t\t\t\t<h3 class=\"elementor-post__title\">\n\t\t\t<a href=\"https:\/\/pepason.fr\/?wpdmpro=entre-nous\" >\n\t\t\t\tEntre Nous\t\t\t<\/a>\n\t\t<\/h3>\n\t\t\t\t<div class=\"elementor-post__meta-data\">\n\t\t\t\t\t<span class=\"elementor-post-date\">\n\t\t\t13 ao\u00fbt 2023\t\t<\/span>\n\t\t\t\t<\/div>\n\t\t\n\t\t<a class=\"elementor-post__read-more\" href=\"https:\/\/pepason.fr\/?wpdmpro=entre-nous\" >\n\t\t\tD\u00e9couvrir \u00bb\t\t<\/a>\n\n\t\t\t\t<\/div>\n\t\t\t\t<\/article>\n\t\t\t\t<article class=\"elementor-post elementor-grid-item post-4436 wpdmpro type-wpdmpro status-publish has-post-thumbnail hentry wpdmcategory-editions-pepason wpdmcategory-pieces-sonores\">\n\t\t\t\t<a class=\"elementor-post__thumbnail__link\" href=\"https:\/\/pepason.fr\/?wpdmpro=dans-la-rue\" >\n\t\t\t<div class=\"elementor-post__thumbnail\"><img width=\"300\" height=\"300\" src=\"https:\/\/pepason.fr\/wp-content\/uploads\/2023\/08\/Photos_DansLaRue-1-300x300.jpeg\" class=\"attachment-medium size-medium\" alt=\"\" loading=\"lazy\" \/><\/div>\n\t\t<\/a>\n\t\t\t\t<div class=\"elementor-post__text\">\n\t\t\t\t<h3 class=\"elementor-post__title\">\n\t\t\t<a href=\"https:\/\/pepason.fr\/?wpdmpro=dans-la-rue\" >\n\t\t\t\tDans la Rue\t\t\t<\/a>\n\t\t<\/h3>\n\t\t\t\t<div class=\"elementor-post__meta-data\">\n\t\t\t\t\t<span class=\"elementor-post-date\">\n\t\t\t13 ao\u00fbt 2023\t\t<\/span>\n\t\t\t\t<\/div>\n\t\t\n\t\t<a class=\"elementor-post__read-more\" href=\"https:\/\/pepason.fr\/?wpdmpro=dans-la-rue\" >\n\t\t\tD\u00e9couvrir \u00bb\t\t<\/a>\n\n\t\t\t\t<\/div>\n\t\t\t\t<\/article>\n\t\t\t\t<\/div>\n\n\n\t\t\n\t\t\t\t<\/div>\n\t\t\t\t<\/div>\n\t\t\t\t\t\t<\/div>\n\t\t\t\t\t<\/div>\n\t\t<\/div>\n\t\t\t\t\t\t\t\t<\/div>\n\t\t\t\t\t<\/div>\n\t\t<\/section>\n\t\t\t\t\t\t\t\t\t<\/div>\n\t\t\t<\/div>\n\t\t\t\t\t<\/div>\n\t\t","protected":false},"excerpt":{"rendered":"<p>Editions PePaSon Le collectif souhaite cr\u00e9er une plateforme autog\u00e9r\u00e9e d&#8217;\u00e9dition<\/p>\n","protected":false},"author":1,"featured_media":0,"parent":0,"menu_order":0,"comment_status":"closed","ping_status":"closed","template":"","meta":{"_monsterinsights_skip_tracking":false,"_monsterinsights_sitenote_active":false,"_monsterinsights_sitenote_note":"","_monsterinsights_sitenote_category":0,"cybocfi_hide_featured_image":""},"post_mailing_queue_ids":[],"_links":{"self":[{"href":"https:\/\/pepason.fr\/index.php?rest_route=\/wp\/v2\/pages\/4306"}],"collection":[{"href":"https:\/\/pepason.fr\/index.php?rest_route=\/wp\/v2\/pages"}],"about":[{"href":"https:\/\/pepason.fr\/index.php?rest_route=\/wp\/v2\/types\/page"}],"author":[{"embeddable":true,"href":"https:\/\/pepason.fr\/index.php?rest_route=\/wp\/v2\/users\/1"}],"replies":[{"embeddable":true,"href":"https:\/\/pepason.fr\/index.php?rest_route=%2Fwp%2Fv2%2Fcomments&post=4306"}],"version-history":[{"count":20,"href":"https:\/\/pepason.fr\/index.php?rest_route=\/wp\/v2\/pages\/4306\/revisions"}],"predecessor-version":[{"id":4466,"href":"https:\/\/pepason.fr\/index.php?rest_route=\/wp\/v2\/pages\/4306\/revisions\/4466"}],"wp:attachment":[{"href":"https:\/\/pepason.fr\/index.php?rest_route=%2Fwp%2Fv2%2Fmedia&parent=4306"}],"curies":[{"name":"wp","href":"https:\/\/api.w.org\/{rel}","templated":true}]}}