{"id":57,"date":"2020-08-11T15:00:41","date_gmt":"2020-08-11T13:00:41","guid":{"rendered":"http:\/\/pepason.fr\/?page_id=57"},"modified":"2022-03-21T10:57:56","modified_gmt":"2022-03-21T09:57:56","slug":"espace-membre","status":"publish","type":"page","link":"https:\/\/pepason.fr\/?page_id=57","title":{"rendered":"Espace administration et ami-e-s de PePaSon"},"content":{"rendered":"Vous devez \u00eatre connect\u00e9 pour voir ce contenu.","protected":false},"excerpt":{"rendered":"Vous devez \u00eatre connect\u00e9 pour voir ce contenu.","protected":false},"author":1,"featured_media":0,"parent":31,"menu_order":0,"comment_status":"closed","ping_status":"closed","template":"","meta":{"_monsterinsights_skip_tracking":false,"_monsterinsights_sitenote_active":false,"_monsterinsights_sitenote_note":"","_monsterinsights_sitenote_category":0,"cybocfi_hide_featured_image":""},"post_mailing_queue_ids":[],"_links":{"self":[{"href":"https:\/\/pepason.fr\/index.php?rest_route=\/wp\/v2\/pages\/57"}],"collection":[{"href":"https:\/\/pepason.fr\/index.php?rest_route=\/wp\/v2\/pages"}],"about":[{"href":"https:\/\/pepason.fr\/index.php?rest_route=\/wp\/v2\/types\/page"}],"author":[{"embeddable":true,"href":"https:\/\/pepason.fr\/index.php?rest_route=\/wp\/v2\/users\/1"}],"replies":[{"embeddable":true,"href":"https:\/\/pepason.fr\/index.php?rest_route=%2Fwp%2Fv2%2Fcomments&post=57"}],"version-history":[{"count":112,"href":"https:\/\/pepason.fr\/index.php?rest_route=\/wp\/v2\/pages\/57\/revisions"}],"predecessor-version":[{"id":2432,"href":"https:\/\/pepason.fr\/index.php?rest_route=\/wp\/v2\/pages\/57\/revisions\/2432"}],"up":[{"embeddable":true,"href":"https:\/\/pepason.fr\/index.php?rest_route=\/wp\/v2\/pages\/31"}],"wp:attachment":[{"href":"https:\/\/pepason.fr\/index.php?rest_route=%2Fwp%2Fv2%2Fmedia&parent=57"}],"curies":[{"name":"wp","href":"https:\/\/api.w.org\/{rel}","templated":true}]}}